{"id":14765,"date":"2023-04-26T11:29:22","date_gmt":"2023-04-26T09:29:22","guid":{"rendered":"https:\/\/agenapisos.com\/?page_id=14765"},"modified":"2025-04-24T19:13:23","modified_gmt":"2025-04-24T17:13:23","slug":"administradores-de-fincas","status":"publish","type":"page","link":"https:\/\/agenapisos.com\/es\/administradores-de-fincas\/","title":{"rendered":"Sobre nosotros"},"content":{"rendered":"<div class=\"gb-container gb-container-9e84a275 gb-container-container-espaiat-gran\"><div class=\"gb-inside-container\">\n\n<p class=\"gb-headline gb-headline-ee7fdcf9 gb-headline-text\"><strong>Fincas AG|N\u00fa\u00f1ez, S.L.<\/strong>&nbsp;es una empresa de car\u00e1cter profesional, constituida en 1994 como administradores de fincas. El antecedente era despacho profesional de gesti\u00f3n integral de Fincas, Alquiler, Compra &#8211; Venta, Traspasos, y Gesti\u00f3n total de Comunidades de Propietarios, complejos inmobiliarios. Inici\u00f3 esta actividad su fundador D. Antonio Garc\u00eda N\u00fa\u00f1ez, en 1978, entonces como profesional liberal, administrador de Fincas y Agente de la Propiedad Inmobiliaria.<\/p>\n\n\n\n<p class=\"gb-headline gb-headline-1fa39ace gb-headline-text\">La&nbsp;<strong>dilatada experiencia como administradores de fincas<\/strong>, as\u00ed como su trayectoria en este mercado,&nbsp;<strong>m\u00e1s de cuarenta y cinco a\u00f1os<\/strong>, son garant\u00edas de profesionalidad; adem\u00e1s, su pertenencia en los diferentes Colegios profesionales en el \u00e1mbito inmobiliario son fieles muestras de \u00e9tica, prestigio, lealtad y saber estar.<\/p>\n\n\n\n<h2 class=\"gb-headline gb-headline-397def70 gb-headline-text\">Nuestro lema \u00ab<mark style=\"background-color:var(--accent)\" class=\"has-inline-color has-base-color\">Profesionales a su servicio<\/mark>\u00ab. <\/h2>\n\n<\/div><\/div>\n\n<div class=\"gb-container gb-container-d9af8325 gb-container-container-espaiat-petit\"><div class=\"gb-inside-container\">\n\n<h2 class=\"gb-headline gb-headline-df536d79 gb-headline-section-title\"><span class=\"gb-icon\"><svg xmlns:xlink=\"http:\/\/www.w3.org\/1999\/xlink\" xmlns=\"http:\/\/www.w3.org\/2000\/svg\" version=\"1.1\" viewBox=\"0 0 135 114\" height=\"114px\" width=\"135px\"><g fill-rule=\"evenodd\" fill=\"none\" stroke-width=\"1\" stroke=\"none\" id=\"Icons\"><g transform=\"translate(-9.000000, -9.000000)\" id=\"ico-separator-2\"><path transform=\"translate(111.081046, 89.699893) rotate(11.000000) translate(-111.081046, -89.699893)\" fill-rule=\"nonzero\" fill=\"#C9D7E3\" id=\"CircleSmall\" d=\"M111.081046,57.1998927 C129.0303,57.1998927 143.581046,71.7506383 143.581046,89.6998927 C143.581046,107.649147 129.0303,122.199893 111.081046,122.199893 C93.1317917,122.199893 78.5810461,107.649147 78.5810461,89.6998927 C78.5810461,71.7506383 93.1317917,57.1998927 111.081046,57.1998927 Z\"><\/path><path transform=\"translate(59.912847, 62.435619) rotate(11.000000) translate(-59.912847, -62.435619)\" fill=\"#4E7EA5\" id=\"CircleBig\" d=\"M62.3432109,9.43561862 C83.6863551,9.43561862 102.082908,22.0514744 110.482484,40.2327993 C90.9597658,42.6280283 75.8432109,59.2664932 75.8432109,79.4356186 C75.8432109,90.9280872 80.7512197,101.274229 88.5855495,108.492356 C80.8499009,112.910723 71.8914164,115.435619 62.3432109,115.435619 C33.0721192,115.435619 9.34321089,91.7067104 9.34321089,62.4356186 C9.34321089,33.1645269 33.0721192,9.43561862 62.3432109,9.43561862 Z\"><\/path><\/g><\/g><\/svg><\/span><span class=\"gb-headline-text\">Equipo<\/span><\/h2>\n\n\n\n<p class=\"gb-headline gb-headline-adf5a4a8 gb-headline-text gb-headline-text-gran has-mobile-text-align-left\"><strong>Fincas A.G.N\u00fa\u00f1ez<\/strong>, para el desarrollo de su actividad, cuenta con un equipo excepcional, formado por el n\u00facleo familiar de su entorno. El equipo de administradores de fincas est\u00e1 formado por:<\/p>\n\n\n<div class=\"gb-grid-wrapper gb-grid-wrapper-cf3b9b54 gb-grid-wrapper-team-grid\">\n<div class=\"gb-grid-column gb-grid-column-1e2142fa gb-grid-column-team-item\"><div class=\"gb-container gb-container-1e2142fa gb-container-team-item\"><div class=\"gb-inside-container\">\n\n<h3 class=\"gb-headline gb-headline-485cb4a1 gb-headline-team-title\"><span class=\"gb-icon\"><svg xmlns=\"http:\/\/www.w3.org\/2000\/svg\" aria-hidden=\"true\" role=\"img\" height=\"1em\" width=\"1em\" viewBox=\"0 0 512 512\"><path fill=\"currentColor\" d=\"M328 256c0 39.8-32.2 72-72 72s-72-32.2-72-72 32.2-72 72-72 72 32.2 72 72zm104-72c-39.8 0-72 32.2-72 72s32.2 72 72 72 72-32.2 72-72-32.2-72-72-72zm-352 0c-39.8 0-72 32.2-72 72s32.2 72 72 72 72-32.2 72-72-32.2-72-72-72z\"><\/path><\/svg><\/span><span class=\"gb-headline-text\">Lu\u00eds Ram\u00f3n Garc\u00eda<\/span><\/h3>\n\n\n\n<p class=\"gb-headline gb-headline-89eb696f gb-headline-text gb-headline-team-description\">Abogado en ejercicio. Administrador de Fincas colegiado. Administrador de la mercantil.<\/p>\n\n<\/div><\/div><\/div>\n\n<div class=\"gb-grid-column gb-grid-column-4153e229 gb-grid-column-team-item\"><div class=\"gb-container gb-container-4153e229 gb-container-team-item\"><div class=\"gb-inside-container\">\n\n<h3 class=\"gb-headline gb-headline-74a43078 gb-headline-team-title\"><span class=\"gb-icon\"><svg xmlns=\"http:\/\/www.w3.org\/2000\/svg\" aria-hidden=\"true\" role=\"img\" height=\"1em\" width=\"1em\" viewBox=\"0 0 512 512\"><path fill=\"currentColor\" d=\"M328 256c0 39.8-32.2 72-72 72s-72-32.2-72-72 32.2-72 72-72 72 32.2 72 72zm104-72c-39.8 0-72 32.2-72 72s32.2 72 72 72 72-32.2 72-72-32.2-72-72-72zm-352 0c-39.8 0-72 32.2-72 72s32.2 72 72 72 72-32.2 72-72-32.2-72-72-72z\"><\/path><\/svg><\/span><span class=\"gb-headline-text\">Antonio Garc\u00eda<\/span><\/h3>\n\n\n\n<p class=\"gb-headline gb-headline-2e11c738 gb-headline-text gb-headline-team-description\">Abogado en ejercicio. M\u00e1ster en Asesor\u00eda y Consultor\u00eda Inmobiliaria; Agente de la Propiedad Inmobiliaria, y Administrador de Fincas.<\/p>\n\n<\/div><\/div><\/div>\n\n<div class=\"gb-grid-column gb-grid-column-8dcc71c2 gb-grid-column-team-item\"><div class=\"gb-container gb-container-8dcc71c2 gb-container-team-item\"><div class=\"gb-inside-container\">\n\n<h3 class=\"gb-headline gb-headline-a1e46551 gb-headline-team-title\"><span class=\"gb-icon\"><svg xmlns=\"http:\/\/www.w3.org\/2000\/svg\" aria-hidden=\"true\" role=\"img\" height=\"1em\" width=\"1em\" viewBox=\"0 0 512 512\"><path fill=\"currentColor\" d=\"M328 256c0 39.8-32.2 72-72 72s-72-32.2-72-72 32.2-72 72-72 72 32.2 72 72zm104-72c-39.8 0-72 32.2-72 72s32.2 72 72 72 72-32.2 72-72-32.2-72-72-72zm-352 0c-39.8 0-72 32.2-72 72s32.2 72 72 72 72-32.2 72-72-32.2-72-72-72z\"><\/path><\/svg><\/span><span class=\"gb-headline-text\">Ana Maria Lopez<\/span><\/h3>\n\n\n\n<p class=\"gb-headline gb-headline-f2a1765e gb-headline-text gb-headline-team-description\">Abogada en ejercicio. Especialidad Civil e inmobiliario, y responsable del departamento Comunidades de Propietarios.<\/p>\n\n<\/div><\/div><\/div>\n\n<div class=\"gb-grid-column gb-grid-column-dacd16ee gb-grid-column-team-item\"><div class=\"gb-container gb-container-dacd16ee gb-container-team-item\"><div class=\"gb-inside-container\">\n\n<h3 class=\"gb-headline gb-headline-a4184c20 gb-headline-team-title\"><span class=\"gb-icon\"><svg xmlns=\"http:\/\/www.w3.org\/2000\/svg\" aria-hidden=\"true\" role=\"img\" height=\"1em\" width=\"1em\" viewBox=\"0 0 512 512\"><path fill=\"currentColor\" d=\"M328 256c0 39.8-32.2 72-72 72s-72-32.2-72-72 32.2-72 72-72 72 32.2 72 72zm104-72c-39.8 0-72 32.2-72 72s32.2 72 72 72 72-32.2 72-72-32.2-72-72-72zm-352 0c-39.8 0-72 32.2-72 72s32.2 72 72 72 72-32.2 72-72-32.2-72-72-72z\"><\/path><\/svg><\/span><span class=\"gb-headline-text\">Antonio Garc\u00eda N\u00fa\u00f1ez<\/span><\/h3>\n\n\n\n<p class=\"gb-headline gb-headline-821a2704 gb-headline-text gb-headline-team-description\">Fundador de la Empresa.<\/p>\n\n<\/div><\/div><\/div>\n\n<div class=\"gb-grid-column gb-grid-column-6bf009cf gb-grid-column-team-item\"><div class=\"gb-container gb-container-6bf009cf gb-container-team-item\"><div class=\"gb-inside-container\">\n\n<h3 class=\"gb-headline gb-headline-b1324b38 gb-headline-team-title\"><span class=\"gb-icon\"><svg xmlns=\"http:\/\/www.w3.org\/2000\/svg\" aria-hidden=\"true\" role=\"img\" height=\"1em\" width=\"1em\" viewBox=\"0 0 512 512\"><path fill=\"currentColor\" d=\"M328 256c0 39.8-32.2 72-72 72s-72-32.2-72-72 32.2-72 72-72 72 32.2 72 72zm104-72c-39.8 0-72 32.2-72 72s32.2 72 72 72 72-32.2 72-72-32.2-72-72-72zm-352 0c-39.8 0-72 32.2-72 72s32.2 72 72 72 72-32.2 72-72-32.2-72-72-72z\"><\/path><\/svg><\/span><span class=\"gb-headline-text\">Maria Gloria<\/span><\/h3>\n\n\n\n<p class=\"gb-headline gb-headline-b5d1db39 gb-headline-text gb-headline-team-description\">Fundadora de la Empresa.<\/p>\n\n<\/div><\/div><\/div>\n\n<div class=\"gb-grid-column gb-grid-column-f5592e99 gb-grid-column-team-item\"><div class=\"gb-container gb-container-f5592e99 gb-container-team-item\"><div class=\"gb-inside-container\">\n\n<h3 class=\"gb-headline gb-headline-8a9f1d5a gb-headline-team-title\"><span class=\"gb-icon\"><svg xmlns=\"http:\/\/www.w3.org\/2000\/svg\" aria-hidden=\"true\" role=\"img\" height=\"1em\" width=\"1em\" viewBox=\"0 0 512 512\"><path fill=\"currentColor\" d=\"M328 256c0 39.8-32.2 72-72 72s-72-32.2-72-72 32.2-72 72-72 72 32.2 72 72zm104-72c-39.8 0-72 32.2-72 72s32.2 72 72 72 72-32.2 72-72-32.2-72-72-72zm-352 0c-39.8 0-72 32.2-72 72s32.2 72 72 72 72-32.2 72-72-32.2-72-72-72z\"><\/path><\/svg><\/span><span class=\"gb-headline-text\"><strong><strong><strong><strong><strong>Ros<\/strong><\/strong><\/strong><\/strong><\/strong>a Nieto<\/span><\/h3>\n\n\n\n<p class=\"gb-headline gb-headline-8bf255fc gb-headline-text gb-headline-team-description\">Resoluci\u00f3n de incidencias de Comunidades de Propietarios y seguimiento de los correctos mantenimientos de las fincas.<\/p>\n\n<\/div><\/div><\/div>\n\n<div class=\"gb-grid-column gb-grid-column-68a96b9d gb-grid-column-team-item\"><div class=\"gb-container gb-container-68a96b9d gb-container-team-item\"><div class=\"gb-inside-container\">\n\n<h3 class=\"gb-headline gb-headline-e13de365 gb-headline-team-title\"><span class=\"gb-icon\"><svg xmlns=\"http:\/\/www.w3.org\/2000\/svg\" aria-hidden=\"true\" role=\"img\" height=\"1em\" width=\"1em\" viewBox=\"0 0 512 512\"><path fill=\"currentColor\" d=\"M328 256c0 39.8-32.2 72-72 72s-72-32.2-72-72 32.2-72 72-72 72 32.2 72 72zm104-72c-39.8 0-72 32.2-72 72s32.2 72 72 72 72-32.2 72-72-32.2-72-72-72zm-352 0c-39.8 0-72 32.2-72 72s32.2 72 72 72 72-32.2 72-72-32.2-72-72-72z\"><\/path><\/svg><\/span><span class=\"gb-headline-text\">Raquel Juan<\/span><\/h3>\n\n\n\n<p class=\"gb-headline gb-headline-bfe585a2 gb-headline-text gb-headline-team-description\">La recepci\u00f3n y telefon\u00eda de nuestro despacho, la voz telef\u00f3nica y la resoluci\u00f3n de incidencias del departamento vertical.<\/p>\n\n<\/div><\/div><\/div>\n\n<div class=\"gb-grid-column gb-grid-column-fd0a242a gb-grid-column-team-item\"><div class=\"gb-container gb-container-fd0a242a gb-container-team-item\"><div class=\"gb-inside-container\">\n\n<h3 class=\"gb-headline gb-headline-f3cb1cd8 gb-headline-team-title\"><span class=\"gb-icon\"><svg xmlns=\"http:\/\/www.w3.org\/2000\/svg\" aria-hidden=\"true\" role=\"img\" height=\"1em\" width=\"1em\" viewBox=\"0 0 512 512\"><path fill=\"currentColor\" d=\"M328 256c0 39.8-32.2 72-72 72s-72-32.2-72-72 32.2-72 72-72 72 32.2 72 72zm104-72c-39.8 0-72 32.2-72 72s32.2 72 72 72 72-32.2 72-72-32.2-72-72-72zm-352 0c-39.8 0-72 32.2-72 72s32.2 72 72 72 72-32.2 72-72-32.2-72-72-72z\"><\/path><\/svg><\/span><span class=\"gb-headline-text\">Ariadna Sobrepera<\/span><\/h3>\n\n\n\n<p class=\"gb-headline gb-headline-7087b4a7 gb-headline-text gb-headline-team-description\">Resoluci\u00f3n de incidencias de Comunidades de Propietarios y seguimiento de los correctos mantenimientos de las fincas.<\/p>\n\n<\/div><\/div><\/div>\n\n<div class=\"gb-grid-column gb-grid-column-70bb0d22 gb-grid-column-team-item\"><div class=\"gb-container gb-container-70bb0d22 gb-container-team-item\"><div class=\"gb-inside-container\">\n\n<h3 class=\"gb-headline gb-headline-7caf837d gb-headline-team-title\"><span class=\"gb-icon\"><svg xmlns=\"http:\/\/www.w3.org\/2000\/svg\" aria-hidden=\"true\" role=\"img\" height=\"1em\" width=\"1em\" viewBox=\"0 0 512 512\"><path fill=\"currentColor\" d=\"M328 256c0 39.8-32.2 72-72 72s-72-32.2-72-72 32.2-72 72-72 72 32.2 72 72zm104-72c-39.8 0-72 32.2-72 72s32.2 72 72 72 72-32.2 72-72-32.2-72-72-72zm-352 0c-39.8 0-72 32.2-72 72s32.2 72 72 72 72-32.2 72-72-32.2-72-72-72z\"><\/path><\/svg><\/span><span class=\"gb-headline-text\">Andrea Badea<\/span><\/h3>\n\n\n\n<p class=\"gb-headline gb-headline-d9411307 gb-headline-text gb-headline-team-description\">Asesora Inmobiliaria, Coordinadora, gesti\u00f3n de visitas, ofertas y promociones.<\/p>\n\n<\/div><\/div><\/div>\n<\/div>\n<\/div><\/div>\n\n<div class=\"gb-container gb-container-5fc9731a gb-container-container-espaiat-gran\"><div class=\"gb-inside-container\">\n\n<h2 class=\"gb-headline gb-headline-8d860636 gb-headline-text gb-headline-text-ultragran\"><strong>La formaci\u00f3n jur\u00eddica del equipo es garant\u00eda de un desarrollo profesional, en todos los campos del derecho, y muy especialmente en el Derecho Civil e inmobiliario<\/strong>,&nbsp;en que el d\u00eda a d\u00eda es la mejor referencia, y sus m\u00e1s de cuarenta y cinco a\u00f1os, as\u00ed nos acreditan.<\/h2>\n\n<\/div><\/div>\n\n<div class=\"gb-container gb-container-8170d295\">\n<div class=\"gb-container gb-container-8352c96a\">\n\n<p class=\"gb-headline gb-headline-8445cd91 gb-headline-text\">Administradores de fincas<\/p>\n\n\n\n<p class=\"gb-headline gb-headline-7ad2b11e gb-headline-text\"><strong>Nuestros administradores de inmuebles en Barcelona tienen un papel fundamental en la gesti\u00f3n y administraci\u00f3n de los inmuebles en Catalu\u00f1a.<\/strong> Son los responsables de la gesti\u00f3n tanto de fincas comunitarias como de alquiler, velando por el cumplimiento de todas las obligaciones legales, y para atender las necesidades de la finca y de sus vecinos. La funci\u00f3n principal de un administrador de inmuebles es <strong>velar por un mejor cumplimiento de las obligaciones legales y administrativas en relaci\u00f3n con los inmuebles.<\/strong> <\/p>\n\n<\/div>\n<\/div>\n\n<div class=\"gb-container gb-container-0d752842\">\n<div class=\"gb-container gb-container-4dcd675e\">\n\n<p class=\"gb-headline gb-headline-2d79fe3a gb-headline-text\">Los administradores de propiedades tambi\u00e9n act\u00faan como <strong>intermediarios entre locatarios, propietarios y comunidades de propietarios.<\/strong> Una de las principales ventajas de tener un gestor inmobiliario en Barcelona es que ofrecen una <strong>mejor gesti\u00f3n de los inmuebles de alquiler, que se han convertido en una de las principales formas de inversi\u00f3n inmobiliaria.<\/strong> <\/p>\n\n\n\n<p class=\"gb-headline gb-headline-34c676c4 gb-headline-text\">Los administradores de fincas ofrecen a los clientes <mark style=\"background-color:var(--accent)\" class=\"has-inline-color has-base-color\">servicios personalizados<\/mark> que los permiten cubrir las necesidades de la finca y del propietario.<\/p>\n\n<\/div>\n<\/div>\n\n<div class=\"gb-container gb-container-c497ec9f alignfull gb-container-crida-accio-container\"><div class=\"gb-inside-container\">\n\n<h2 class=\"gb-headline gb-headline-675506d3 gb-headline-text gb-headline-crida-accio-titol\">\u00bfNecesita m\u00e1s informaci\u00f3n?<\/h2>\n\n\n<div class=\"gb-button-wrapper gb-button-wrapper-aed9c000 gb-button-wrapper-crida-accio-butons\">\n\n<a class=\"gb-button gb-button-cc9a2423 gb-button-text gb-button-crida-accio-buto\" href=\"\/es\/contacto\">Contacto<\/a>\n\n<\/div>\n<\/div><\/div>\n\n<div class=\"gb-container gb-container-f6158223 alignfull\">\n<div class=\"gb-container gb-container-136450a9\">\n\n<h2 class=\"gb-headline gb-headline-2b607dee gb-headline-text gb-headline-crida-accio-titol\">Para estar al d\u00eda<\/h2>\n\n\n\n<p class=\"gb-headline gb-headline-a2634cce gb-headline-text gb-headline-crida-accio-description\">\u00a1S\u00edguenos en las redes y consulta nuestra secci\u00f3n de novedades!<\/p>\n\n\n<div class=\"gb-button-wrapper gb-button-wrapper-22937726 gb-button-wrapper-crida-accio-butons\">\n\n<a class=\"gb-button gb-button-9728cae7 gb-button-text gb-button-crida-accio-buto\" href=\"https:\/\/www.pinterest.es\/fincasagnunez\/\" target=\"_blank\" rel=\"noopener noreferrer\">Pinterest<\/a>\n\n\n\n<a class=\"gb-button gb-button-df04268b gb-button-text gb-button-crida-accio-buto\" href=\"\/es\/noticias\/\">Noticias<\/a>\n\n<\/div>\n<\/div>\n<\/div>","protected":false},"excerpt":{"rendered":"<p>Fincas AG|N\u00fa\u00f1ez, S.L.&nbsp;es una empresa de car\u00e1cter profesional, constituida en 1994 como administradores de fincas. El antecedente era despacho profesional<\/p>\n","protected":false},"author":1,"featured_media":14235,"parent":0,"menu_order":0,"comment_status":"closed","ping_status":"closed","template":"","meta":{"_acf_changed":false,"footnotes":""},"class_list":{"0":"post-14765","1":"page","2":"type-page","3":"status-publish","4":"has-post-thumbnail","6":"infinite-scroll-item","7":"no-featured-image-padding"},"acf":[],"_links":{"self":[{"href":"https:\/\/agenapisos.com\/es\/wp-json\/wp\/v2\/pages\/14765","targetHints":{"allow":["GET"]}}],"collection":[{"href":"https:\/\/agenapisos.com\/es\/wp-json\/wp\/v2\/pages"}],"about":[{"href":"https:\/\/agenapisos.com\/es\/wp-json\/wp\/v2\/types\/page"}],"author":[{"embeddable":true,"href":"https:\/\/agenapisos.com\/es\/wp-json\/wp\/v2\/users\/1"}],"replies":[{"embeddable":true,"href":"https:\/\/agenapisos.com\/es\/wp-json\/wp\/v2\/comments?post=14765"}],"version-history":[{"count":2,"href":"https:\/\/agenapisos.com\/es\/wp-json\/wp\/v2\/pages\/14765\/revisions"}],"predecessor-version":[{"id":25742,"href":"https:\/\/agenapisos.com\/es\/wp-json\/wp\/v2\/pages\/14765\/revisions\/25742"}],"wp:featuredmedia":[{"embeddable":true,"href":"https:\/\/agenapisos.com\/es\/wp-json\/wp\/v2\/media\/14235"}],"wp:attachment":[{"href":"https:\/\/agenapisos.com\/es\/wp-json\/wp\/v2\/media?parent=14765"}],"curies":[{"name":"wp","href":"https:\/\/api.w.org\/{rel}","templated":true}]}}