{"id":19049,"date":"2023-12-01T19:33:14","date_gmt":"2023-12-01T18:33:14","guid":{"rendered":"https:\/\/agenapisos.com\/?page_id=19049"},"modified":"2023-12-04T11:33:48","modified_gmt":"2023-12-04T10:33:48","slug":"gestion-de-alquileres","status":"publish","type":"page","link":"https:\/\/agenapisos.com\/es\/gestion-de-alquileres\/","title":{"rendered":"Gesti\u00f3n de alquileres en Barcelona: AG. N\u00fa\u00f1ez, tu mejor opci\u00f3n"},"content":{"rendered":"<div class=\"gb-container gb-container-4a1c583a gb-container-container-espaiat-gran\"><div class=\"gb-inside-container\">\n<div class=\"gb-container gb-container-f9305ab2\">\n\n<div class=\"wp-block-columns are-vertically-aligned-center is-layout-flex wp-container-core-columns-is-layout-9d6595d7 wp-block-columns-is-layout-flex\">\n<div class=\"wp-block-column is-vertically-aligned-center is-layout-flow wp-block-column-is-layout-flow\" style=\"flex-basis:33.33%\"><div class=\"wp-block-image\">\n<figure class=\"aligncenter size-medium\"><img loading=\"lazy\" decoding=\"async\" width=\"267\" height=\"400\" src=\"https:\/\/agenapisos.com\/wp-content\/uploads\/2023\/11\/pexels-mister-mister-3434533-267x400.jpg\" alt=\"gesti\u00f3n de alquileres\" class=\"wp-image-19224\" style=\"aspect-ratio:1;object-fit:cover\" srcset=\"https:\/\/agenapisos.com\/wp-content\/uploads\/2023\/11\/pexels-mister-mister-3434533-267x400.jpg 267w, https:\/\/agenapisos.com\/wp-content\/uploads\/2023\/11\/pexels-mister-mister-3434533-1400x2100.jpg 1400w, https:\/\/agenapisos.com\/wp-content\/uploads\/2023\/11\/pexels-mister-mister-3434533-768x1152.jpg 768w, https:\/\/agenapisos.com\/wp-content\/uploads\/2023\/11\/pexels-mister-mister-3434533-1024x1536.jpg 1024w, https:\/\/agenapisos.com\/wp-content\/uploads\/2023\/11\/pexels-mister-mister-3434533-1365x2048.jpg 1365w, https:\/\/agenapisos.com\/wp-content\/uploads\/2023\/11\/pexels-mister-mister-3434533-scaled.jpg 1707w\" sizes=\"auto, (max-width: 267px) 100vw, 267px\" \/><\/figure>\n<\/div><\/div>\n\n\n\n<div class=\"wp-block-column is-vertically-aligned-center is-layout-flow wp-block-column-is-layout-flow\" style=\"flex-basis:66.66%\">\n<p class=\"gb-headline gb-headline-1036fa9c gb-headline-text\"><strong>AG. N\u00fa\u00f1ez<\/strong>, con su amplia experiencia en el sector inmobiliario, ofrece un enfoque personalizado y profesional para la gesti\u00f3n de alquileres, asegurando que cada propiedad no solo cumpla con los est\u00e1ndares del mercado sino que tambi\u00e9n alcance su m\u00e1ximo potencial de ingresos.<\/p>\n<\/div>\n<\/div>\n\n<\/div>\n<\/div><\/div>\n\n<div class=\"gb-container gb-container-0bc03a26 alignfull gb-container-container-espaiat-petit\"><div class=\"gb-inside-container\">\n<div class=\"gb-container gb-container-98927122\">\n\n<h2 class=\"gb-headline gb-headline-a4b6c0cc gb-headline-section-title\"><span class=\"gb-icon\"><svg xmlns:xlink=\"http:\/\/www.w3.org\/1999\/xlink\" xmlns=\"http:\/\/www.w3.org\/2000\/svg\" version=\"1.1\" viewBox=\"0 0 135 114\" height=\"114px\" width=\"135px\"><g fill-rule=\"evenodd\" fill=\"none\" stroke-width=\"1\" stroke=\"none\" id=\"Icons\"><g transform=\"translate(-9.000000, -9.000000)\" id=\"ico-separator-2\"><path transform=\"translate(111.081046, 89.699893) rotate(11.000000) translate(-111.081046, -89.699893)\" fill-rule=\"nonzero\" fill=\"#C9D7E3\" id=\"CircleSmall\" d=\"M111.081046,57.1998927 C129.0303,57.1998927 143.581046,71.7506383 143.581046,89.6998927 C143.581046,107.649147 129.0303,122.199893 111.081046,122.199893 C93.1317917,122.199893 78.5810461,107.649147 78.5810461,89.6998927 C78.5810461,71.7506383 93.1317917,57.1998927 111.081046,57.1998927 Z\"><\/path><path transform=\"translate(59.912847, 62.435619) rotate(11.000000) translate(-59.912847, -62.435619)\" fill=\"#4E7EA5\" id=\"CircleBig\" d=\"M62.3432109,9.43561862 C83.6863551,9.43561862 102.082908,22.0514744 110.482484,40.2327993 C90.9597658,42.6280283 75.8432109,59.2664932 75.8432109,79.4356186 C75.8432109,90.9280872 80.7512197,101.274229 88.5855495,108.492356 C80.8499009,112.910723 71.8914164,115.435619 62.3432109,115.435619 C33.0721192,115.435619 9.34321089,91.7067104 9.34321089,62.4356186 C9.34321089,33.1645269 33.0721192,9.43561862 62.3432109,9.43561862 Z\"><\/path><\/g><\/g><\/svg><\/span><span class=\"gb-headline-text\">La importancia de una gesti\u00f3n de alquileres en Barcelona<\/span><\/h2>\n\n\n\n<p class=\"gb-headline gb-headline-aac9d406 gb-headline-text gb-headline-text-gran\">Dada la competitividad del mercado de Barcelona, la gesti\u00f3n de alquileres por profesionales es una cuesti\u00f3n de conveniencia y una estrategia inteligente para los propietarios. Este asesoramiento profesional proporciona, entre otros:<\/p>\n\n\n\n<p class=\"gb-headline gb-headline-8242b00e gb-headline-text gb-headline-text-gran\"><strong>Ahorro de tiempo y dinero<\/strong>, ya que delegar la gesti\u00f3n a expertos reduce significativamente la carga administrativa y los costos asociados con errores o desconocimiento legal. Del mismo modo, saber que su propiedad est\u00e1 en manos de profesionales brinda <strong>tranqulidad<\/strong>, una paz mental invaluable, asegurando que todos los aspectos legales y financieros est\u00e1n bien cuidados. Y no s\u00f3lo eso, sin\u00f3 que una gesti\u00f3n eficiente y conocedora del mercado local maximiza los ingresos y mantiene la propiedad competitiva en el mercado de Barcelona, <strong>mejorando la rentabilidad<\/strong>. <\/p>\n\n<\/div>\n<\/div><\/div>\n\n<div class=\"gb-container gb-container-fbf7dcf8 gb-container-container-espaiat-petit\"><div class=\"gb-inside-container\">\n\n<h2 class=\"gb-headline gb-headline-198cb827 gb-headline-section-title\"><span class=\"gb-icon\"><svg xmlns:xlink=\"http:\/\/www.w3.org\/1999\/xlink\" xmlns=\"http:\/\/www.w3.org\/2000\/svg\" version=\"1.1\" viewBox=\"0 0 135 114\" height=\"114px\" width=\"135px\"><g fill-rule=\"evenodd\" fill=\"none\" stroke-width=\"1\" stroke=\"none\" id=\"Icons\"><g transform=\"translate(-9.000000, -9.000000)\" id=\"ico-separator-2\"><path transform=\"translate(111.081046, 89.699893) rotate(11.000000) translate(-111.081046, -89.699893)\" fill-rule=\"nonzero\" fill=\"#C9D7E3\" id=\"CircleSmall\" d=\"M111.081046,57.1998927 C129.0303,57.1998927 143.581046,71.7506383 143.581046,89.6998927 C143.581046,107.649147 129.0303,122.199893 111.081046,122.199893 C93.1317917,122.199893 78.5810461,107.649147 78.5810461,89.6998927 C78.5810461,71.7506383 93.1317917,57.1998927 111.081046,57.1998927 Z\"><\/path><path transform=\"translate(59.912847, 62.435619) rotate(11.000000) translate(-59.912847, -62.435619)\" fill=\"#4E7EA5\" id=\"CircleBig\" d=\"M62.3432109,9.43561862 C83.6863551,9.43561862 102.082908,22.0514744 110.482484,40.2327993 C90.9597658,42.6280283 75.8432109,59.2664932 75.8432109,79.4356186 C75.8432109,90.9280872 80.7512197,101.274229 88.5855495,108.492356 C80.8499009,112.910723 71.8914164,115.435619 62.3432109,115.435619 C33.0721192,115.435619 9.34321089,91.7067104 9.34321089,62.4356186 C9.34321089,33.1645269 33.0721192,9.43561862 62.3432109,9.43561862 Z\"><\/path><\/g><\/g><\/svg><\/span><span class=\"gb-headline-text\">Nuestros servicios de gesti\u00f3n de alquileres<\/span><\/h2>\n\n<\/div><\/div>\n\n<div class=\"gb-container gb-container-c7d4cfe4 alignfull\">\n<div class=\"gb-container gb-container-28e1dc92\">\n\n<h3 class=\"gb-headline gb-headline-8445cd91 gb-headline-text\">Gesti\u00f3n Jur\u00eddica<\/h3>\n\n\n\n<h4 class=\"gb-headline gb-headline-ddbf946a gb-headline-text\">Contratos de arrendamiento<\/h4>\n\n\n\n<p>Redacci\u00f3n y tramitaci\u00f3n profesional.<\/p>\n\n\n\n<h4 class=\"gb-headline gb-headline-2d1085f6 gb-headline-text\">Fianzas al Incasol<\/h4>\n\n\n\n<p>Gesti\u00f3n eficiente para cumplir con las normativas de Catalu\u00f1a.<\/p>\n\n\n\n<h4 class=\"gb-headline gb-headline-d6a54aba gb-headline-text\">Demandas Judiciales por Desahucio<\/h4>\n\n\n\n<p>Asesoramos y ofrecemos seguimiento en casos de conflicto.<\/p>\n\n\n\n<h3 class=\"gb-headline gb-headline-0aeaa812 gb-headline-text\">Gesti\u00f3n Econ\u00f3mica<\/h3>\n\n\n\n<h4 class=\"gb-headline gb-headline-5a89b7dd gb-headline-text\">Cobros y Pagos<\/h4>\n\n\n\n<p>Manejo transparente y puntual de las finanzas del alquiler.<\/p>\n\n\n\n<h4 class=\"gb-headline gb-headline-d96f1156 gb-headline-text\">Liquidaci\u00f3n Mensual al Propietario<\/h4>\n\n\n\n<p>Informes detallados y regulares sobre el rendimiento de la propiedad.<\/p>\n\n\n\n<h4 class=\"gb-headline gb-headline-288e3dcd gb-headline-text\">Aumentos y Repercusiones<\/h4>\n\n\n\n<p>Asesoramiento en ajustes de renta y otras implicaciones financieras.<\/p>\n\n<\/div>\n\n<div class=\"gb-container gb-container-2c6f02df\">\n\n<h3 class=\"gb-headline gb-headline-bbca17f0 gb-headline-text\">Gesti\u00f3n de Servicios y Suministros<\/h3>\n\n\n\n<h4 class=\"gb-headline gb-headline-a5f08e3d gb-headline-text\">Gesti\u00f3n Integral<\/h4>\n\n\n\n<p>Desde la contrataci\u00f3n hasta la supervisi\u00f3n de servicios esenciales para el inmueble.<\/p>\n\n\n\n<h3 class=\"gb-headline gb-headline-7a0b8a9e gb-headline-text\">Gesti\u00f3n Fiscal y Mantenimiento<\/h3>\n\n\n\n<h4 class=\"gb-headline gb-headline-71e54c3c gb-headline-text\">Optimizaci\u00f3n de Tributos<\/h4>\n\n\n\n<p>Asesoramiento y gesti\u00f3n de impuestos relacionados con la propiedad.<\/p>\n\n\n\n<h4 class=\"gb-headline gb-headline-76e15454 gb-headline-text\">Mantenimiento Continuo<\/h4>\n\n\n\n<p>Garant\u00eda de conservaci\u00f3n y valorizaci\u00f3n del inmueble.<\/p>\n\n\n\n<p class=\"gb-headline gb-headline-34c676c4 gb-headline-text\">La gesti\u00f3n de alquileres con AG. N\u00fa\u00f1ez representa una  <mark style=\"background-color:var(--accent)\" class=\"has-inline-color has-base-color\">soluci\u00f3n integral<\/mark> que ofrece tranquilidad, eficiencia y rentabilidad para los propietarios.<\/p>\n\n<\/div>\n<\/div>\n\n<div class=\"gb-container gb-container-194cbd86 gb-container-container-espaiat-petit\"><div class=\"gb-inside-container\">\n\n<h2 class=\"gb-headline gb-headline-4450bc02 gb-headline-section-title\"><span class=\"gb-icon\"><svg xmlns:xlink=\"http:\/\/www.w3.org\/1999\/xlink\" xmlns=\"http:\/\/www.w3.org\/2000\/svg\" version=\"1.1\" viewBox=\"0 0 135 114\" height=\"114px\" width=\"135px\"><g fill-rule=\"evenodd\" fill=\"none\" stroke-width=\"1\" stroke=\"none\" id=\"Icons\"><g transform=\"translate(-9.000000, -9.000000)\" id=\"ico-separator-2\"><path transform=\"translate(111.081046, 89.699893) rotate(11.000000) translate(-111.081046, -89.699893)\" fill-rule=\"nonzero\" fill=\"#C9D7E3\" id=\"CircleSmall\" d=\"M111.081046,57.1998927 C129.0303,57.1998927 143.581046,71.7506383 143.581046,89.6998927 C143.581046,107.649147 129.0303,122.199893 111.081046,122.199893 C93.1317917,122.199893 78.5810461,107.649147 78.5810461,89.6998927 C78.5810461,71.7506383 93.1317917,57.1998927 111.081046,57.1998927 Z\"><\/path><path transform=\"translate(59.912847, 62.435619) rotate(11.000000) translate(-59.912847, -62.435619)\" fill=\"#4E7EA5\" id=\"CircleBig\" d=\"M62.3432109,9.43561862 C83.6863551,9.43561862 102.082908,22.0514744 110.482484,40.2327993 C90.9597658,42.6280283 75.8432109,59.2664932 75.8432109,79.4356186 C75.8432109,90.9280872 80.7512197,101.274229 88.5855495,108.492356 C80.8499009,112.910723 71.8914164,115.435619 62.3432109,115.435619 C33.0721192,115.435619 9.34321089,91.7067104 9.34321089,62.4356186 C9.34321089,33.1645269 33.0721192,9.43561862 62.3432109,9.43561862 Z\"><\/path><\/g><\/g><\/svg><\/span><span class=\"gb-headline-text\">C\u00f3mo funciona la gesti\u00f3n de alquileres con AG. N\u00fa\u00f1ez<\/span><\/h2>\n\n\n<div class=\"gb-container gb-container-5ccbd9e2 service_item\"><div class=\"gb-inside-container\">\n<div class=\"gb-grid-wrapper gb-grid-wrapper-cf3b9b54 gb-grid-wrapper-team-grid\">\n<div class=\"gb-grid-column gb-grid-column-1e2142fa gb-grid-column-team-item\"><div class=\"gb-container gb-container-1e2142fa gb-container-team-item\"><div class=\"gb-inside-container\">\n\n<h4 class=\"gb-headline gb-headline-485cb4a1 gb-headline-team-title\"><span class=\"gb-icon\"><svg viewBox=\"0 0 20 20\" class=\"svg-icon\"> \t\t\t\t\t\t\t<path d=\"M8.627,7.885C8.499,8.388,7.873,8.101,8.13,8.177L4.12,7.143c-0.218-0.057-0.351-0.28-0.293-0.498c0.057-0.218,0.279-0.351,0.497-0.294l4.011,1.037C8.552,7.444,8.685,7.667,8.627,7.885 M8.334,10.123L4.323,9.086C4.105,9.031,3.883,9.162,3.826,9.38C3.769,9.598,3.901,9.82,4.12,9.877l4.01,1.037c-0.262-0.062,0.373,0.192,0.497-0.294C8.685,10.401,8.552,10.18,8.334,10.123 M7.131,12.507L4.323,11.78c-0.218-0.057-0.44,0.076-0.497,0.295c-0.057,0.218,0.075,0.439,0.293,0.495l2.809,0.726c-0.265-0.062,0.37,0.193,0.495-0.293C7.48,12.784,7.35,12.562,7.131,12.507M18.159,3.677v10.701c0,0.186-0.126,0.348-0.306,0.393l-7.755,1.948c-0.07,0.016-0.134,0.016-0.204,0l-7.748-1.948c-0.179-0.045-0.306-0.207-0.306-0.393V3.677c0-0.267,0.249-0.461,0.509-0.396l7.646,1.921l7.654-1.921C17.91,3.216,18.159,3.41,18.159,3.677 M9.589,5.939L2.656,4.203v9.857l6.933,1.737V5.939z M17.344,4.203l-6.939,1.736v9.859l6.939-1.737V4.203z M16.168,6.645c-0.058-0.218-0.279-0.351-0.498-0.294l-4.011,1.037c-0.218,0.057-0.351,0.28-0.293,0.498c0.128,0.503,0.755,0.216,0.498,0.292l4.009-1.034C16.092,7.085,16.225,6.863,16.168,6.645 M16.168,9.38c-0.058-0.218-0.279-0.349-0.498-0.294l-4.011,1.036c-0.218,0.057-0.351,0.279-0.293,0.498c0.124,0.486,0.759,0.232,0.498,0.294l4.009-1.037C16.092,9.82,16.225,9.598,16.168,9.38 M14.963,12.385c-0.055-0.219-0.276-0.35-0.495-0.294l-2.809,0.726c-0.218,0.056-0.351,0.279-0.293,0.496c0.127,0.506,0.755,0.218,0.498,0.293l2.807-0.723C14.89,12.825,15.021,12.603,14.963,12.385\"><\/path> \t\t\t\t\t\t<\/svg><\/span><span class=\"gb-headline-text\">Estudio Individualizado de la Renta de Alquiler<\/span><\/h4>\n\n\n\n<p class=\"gb-headline gb-headline-89eb696f gb-headline-text gb-headline-team-description\">Cada propiedad es \u00fanica y requiere un an\u00e1lisis detallado para determinar su renta \u00f3ptima. Agena Pisos realiza un estudio exhaustivo del mercado local para fijar un precio de alquiler competitivo.<\/p>\n\n<\/div><\/div><\/div>\n\n<div class=\"gb-grid-column gb-grid-column-4153e229 gb-grid-column-team-item\"><div class=\"gb-container gb-container-4153e229 gb-container-team-item\"><div class=\"gb-inside-container\">\n\n<h4 class=\"gb-headline gb-headline-74a43078 gb-headline-team-title\"><span class=\"gb-icon\"><svg viewBox=\"0 0 20 20\" class=\"svg-icon\"> \t\t\t\t\t\t\t<path d=\"M18.121,9.88l-7.832-7.836c-0.155-0.158-0.428-0.155-0.584,0L1.842,9.913c-0.262,0.263-0.073,0.705,0.292,0.705h2.069v7.042c0,0.227,0.187,0.414,0.414,0.414h3.725c0.228,0,0.414-0.188,0.414-0.414v-3.313h2.483v3.313c0,0.227,0.187,0.414,0.413,0.414h3.726c0.229,0,0.414-0.188,0.414-0.414v-7.042h2.068h0.004C18.331,10.617,18.389,10.146,18.121,9.88 M14.963,17.245h-2.896v-3.313c0-0.229-0.186-0.415-0.414-0.415H8.342c-0.228,0-0.414,0.187-0.414,0.415v3.313H5.032v-6.628h9.931V17.245z M3.133,9.79l6.864-6.868l6.867,6.868H3.133z\"><\/path> \t\t\t\t\t\t<\/svg><\/span><span class=\"gb-headline-text\">Inspecci\u00f3n del Inmueble<\/span><\/h4>\n\n\n\n<p class=\"gb-headline gb-headline-2e11c738 gb-headline-text gb-headline-team-description\">Los expertos de Agena Pisos eval\u00faan el estado de conservaci\u00f3n y las posibles carencias del inmueble, con especial atenci\u00f3n a servicios y suministros, para garantizar que cumpla con los est\u00e1ndares de habitabilidad y eficiencia.<\/p>\n\n<\/div><\/div><\/div>\n\n<div class=\"gb-grid-column gb-grid-column-8dcc71c2 gb-grid-column-team-item\"><div class=\"gb-container gb-container-8dcc71c2 gb-container-team-item\"><div class=\"gb-inside-container\">\n\n<h4 class=\"gb-headline gb-headline-a1e46551 gb-headline-team-title\"><span class=\"gb-icon\"><svg viewBox=\"0 0 20 20\" class=\"svg-icon\"> \t\t\t\t\t\t\t<path d=\"M17.927,5.828h-4.41l-1.929-1.961c-0.078-0.079-0.186-0.125-0.297-0.125H4.159c-0.229,0-0.417,0.188-0.417,0.417v1.669H2.073c-0.229,0-0.417,0.188-0.417,0.417v9.596c0,0.229,0.188,0.417,0.417,0.417h15.854c0.229,0,0.417-0.188,0.417-0.417V6.245C18.344,6.016,18.156,5.828,17.927,5.828 M4.577,4.577h6.539l1.231,1.251h-7.77V4.577z M17.51,15.424H2.491V6.663H17.51V15.424z\"><\/path> \t\t\t\t\t\t<\/svg><\/span><span class=\"gb-headline-text\">Obtenci\u00f3n de Documentaci\u00f3n Necesaria<\/span><\/h4>\n\n\n\n<p class=\"gb-headline gb-headline-f2a1765e gb-headline-text gb-headline-team-description\">Se encargan de tramitar la c\u00e9dula de habitabilidad y el Certificado de Eficiencia Energ\u00e9tica, documentos esenciales para el alquiler legal de la propiedad.<\/p>\n\n<\/div><\/div><\/div>\n\n<div class=\"gb-grid-column gb-grid-column-dacd16ee gb-grid-column-team-item\"><div class=\"gb-container gb-container-dacd16ee gb-container-team-item\"><div class=\"gb-inside-container\">\n\n<h4 class=\"gb-headline gb-headline-a4184c20 gb-headline-team-title\"><span class=\"gb-icon\"><svg viewBox=\"0 0 20 20\" class=\"svg-icon\"> \t\t\t\t\t\t\t<path d=\"M8.749,9.934c0,0.247-0.202,0.449-0.449,0.449H4.257c-0.247,0-0.449-0.202-0.449-0.449S4.01,9.484,4.257,9.484H8.3C8.547,9.484,8.749,9.687,8.749,9.934 M7.402,12.627H4.257c-0.247,0-0.449,0.202-0.449,0.449s0.202,0.449,0.449,0.449h3.145c0.247,0,0.449-0.202,0.449-0.449S7.648,12.627,7.402,12.627 M8.3,6.339H4.257c-0.247,0-0.449,0.202-0.449,0.449c0,0.247,0.202,0.449,0.449,0.449H8.3c0.247,0,0.449-0.202,0.449-0.449C8.749,6.541,8.547,6.339,8.3,6.339 M18.631,4.543v10.78c0,0.248-0.202,0.45-0.449,0.45H2.011c-0.247,0-0.449-0.202-0.449-0.45V4.543c0-0.247,0.202-0.449,0.449-0.449h16.17C18.429,4.094,18.631,4.296,18.631,4.543 M17.732,4.993H2.46v9.882h15.272V4.993z M16.371,13.078c0,0.247-0.202,0.449-0.449,0.449H9.646c-0.247,0-0.449-0.202-0.449-0.449c0-1.479,0.883-2.747,2.162-3.299c-0.434-0.418-0.714-1.008-0.714-1.642c0-1.197,0.997-2.246,2.133-2.246s2.134,1.049,2.134,2.246c0,0.634-0.28,1.224-0.714,1.642C15.475,10.331,16.371,11.6,16.371,13.078M11.542,8.137c0,0.622,0.539,1.348,1.235,1.348s1.235-0.726,1.235-1.348c0-0.622-0.539-1.348-1.235-1.348S11.542,7.515,11.542,8.137 M15.435,12.629c-0.214-1.273-1.323-2.246-2.657-2.246s-2.431,0.973-2.644,2.246H15.435z\"><\/path> \t\t\t\t\t\t<\/svg><\/span><span class=\"gb-headline-text\">Selecci\u00f3n del Perfil del Candidato<\/span><\/h4>\n\n\n\n<p class=\"gb-headline gb-headline-821a2704 gb-headline-text gb-headline-team-description\">A trav\u00e9s de un proceso riguroso, se selecciona al inquilino ideal, asegurando una ocupaci\u00f3n fiable y rentable del inmueble.<\/p>\n\n<\/div><\/div><\/div>\n<\/div>\n<\/div><\/div>\n<\/div><\/div>\n\n<div class=\"gb-container gb-container-c497ec9f alignfull gb-container-crida-accio-container\"><div class=\"gb-inside-container\">\n\n<h2 class=\"gb-headline gb-headline-675506d3 gb-headline-text gb-headline-crida-accio-titol\">Te ayudamos con la gesti\u00f3n de alquileres<\/h2>\n\n\n<div class=\"gb-button-wrapper gb-button-wrapper-aed9c000 gb-button-wrapper-crida-accio-butons\">\n\n<a class=\"gb-button gb-button-cc9a2423 gb-button-text gb-button-crida-accio-buto\" href=\"https:\/\/agenapisos.com\/wp-content\/uploads\/2023\/04\/contacto-e1682345090214.png\">Contacto<\/a>\n\n<\/div>\n<\/div><\/div>\n\n<div class=\"gb-container gb-container-6b8f3a1b gb-container-container-espaiat-petit\"><div class=\"gb-inside-container\">\n\n<h2 class=\"gb-headline gb-headline-4bafe9cd gb-headline-section-title\"><span class=\"gb-icon\"><svg xmlns:xlink=\"http:\/\/www.w3.org\/1999\/xlink\" xmlns=\"http:\/\/www.w3.org\/2000\/svg\" version=\"1.1\" viewBox=\"0 0 135 114\" height=\"114px\" width=\"135px\"><g fill-rule=\"evenodd\" fill=\"none\" stroke-width=\"1\" stroke=\"none\" id=\"Icons\"><g transform=\"translate(-9.000000, -9.000000)\" id=\"ico-separator-2\"><path transform=\"translate(111.081046, 89.699893) rotate(11.000000) translate(-111.081046, -89.699893)\" fill-rule=\"nonzero\" fill=\"#C9D7E3\" id=\"CircleSmall\" d=\"M111.081046,57.1998927 C129.0303,57.1998927 143.581046,71.7506383 143.581046,89.6998927 C143.581046,107.649147 129.0303,122.199893 111.081046,122.199893 C93.1317917,122.199893 78.5810461,107.649147 78.5810461,89.6998927 C78.5810461,71.7506383 93.1317917,57.1998927 111.081046,57.1998927 Z\"><\/path><path transform=\"translate(59.912847, 62.435619) rotate(11.000000) translate(-59.912847, -62.435619)\" fill=\"#4E7EA5\" id=\"CircleBig\" d=\"M62.3432109,9.43561862 C83.6863551,9.43561862 102.082908,22.0514744 110.482484,40.2327993 C90.9597658,42.6280283 75.8432109,59.2664932 75.8432109,79.4356186 C75.8432109,90.9280872 80.7512197,101.274229 88.5855495,108.492356 C80.8499009,112.910723 71.8914164,115.435619 62.3432109,115.435619 C33.0721192,115.435619 9.34321089,91.7067104 9.34321089,62.4356186 C9.34321089,33.1645269 33.0721192,9.43561862 62.3432109,9.43561862 Z\"><\/path><\/g><\/g><\/svg><\/span><span class=\"gb-headline-text\">Preguntas frecuentes (FAQ)<\/span><\/h2>\n\n\n<div id=\"rank-math-faq\" class=\"rank-math-block\">\n<div class=\"rank-math-list \">\n<div id=\"faq-question-1700828643920\" class=\"rank-math-list-item\">\n<h3 class=\"rank-math-question \">1. \u00bfQu\u00e9 beneficios ofrece AG. N\u00fa\u00f1ez frente a la gesti\u00f3n propia?<\/h3>\n<div class=\"rank-math-answer \">\n\n<p>En AG. N\u00fa\u00f1ez, destacamos con asesoramiento profesional, ahorro de tiempo y una gesti\u00f3n especializada que minimiza riesgos legales y financieros, brindando tranquilidad adicional.<\/p>\n\n<\/div>\n<\/div>\n<div id=\"faq-question-1700828657713\" class=\"rank-math-list-item\">\n<h3 class=\"rank-math-question \">2. \u00bfC\u00f3mo se asegura la selecci\u00f3n del inquilino adecuado?<\/h3>\n<div class=\"rank-math-answer \">\n\n<p>En AG. N\u00fa\u00f1ez, garantizamos la elecci\u00f3n del inquilino id\u00f3neo mediante un proceso meticuloso. M\u00e1s all\u00e1 de evaluar la solvencia econ\u00f3mica, nos enfocamos en la fiabilidad del candidato, asegurando una elecci\u00f3n responsable que contribuya a la armon\u00eda y estabilidad en su propiedad.<\/p>\n\n<\/div>\n<\/div>\n<div id=\"faq-question-1700828668522\" class=\"rank-math-list-item\">\n<h3 class=\"rank-math-question \">3. \u00bfQu\u00e9 ocurre si surgen problemas con los inquilinos?<\/h3>\n<div class=\"rank-math-answer \">\n\n<p>Cuando surgen problemas con los inquilinos, en AG. N\u00fa\u00f1ez vamos m\u00e1s all\u00e1 de la gesti\u00f3n convencional. Ofrecemos un s\u00f3lido respaldo con asesoramiento legal especializado y gesti\u00f3n proactiva de conflictos. Incluso, en situaciones m\u00e1s complejas, nos encargamos de procedimientos de desahucio, asegurando una resoluci\u00f3n efectiva y en l\u00ednea con las normativas legales vigentes.<\/p>\n\n<\/div>\n<\/div>\n<div id=\"faq-question-1700828679752\" class=\"rank-math-list-item\">\n<h3 class=\"rank-math-question \">4. \u00bfC\u00f3mo se manejan los aspectos financieros y fiscales del alquiler?<\/h3>\n<div class=\"rank-math-answer \">\n\n<p>La gesti\u00f3n integral en AG. N\u00fa\u00f1ez abarca una administraci\u00f3n financiera y fiscal transparente y eficiente. Nos comprometemos a garantizar el cumplimiento riguroso de todas las obligaciones fiscales, optimizando los ingresos del propietario. Nuestra dedicaci\u00f3n se traduce en una gesti\u00f3n financiera integral que va m\u00e1s all\u00e1 de lo convencional, asegurando la rentabilidad y tranquilidad del propietario.<\/p>\n\n<\/div>\n<\/div>\n<\/div>\n<\/div>\n<\/div><\/div>\n\n<div class=\"gb-container gb-container-f6158223 alignfull\">\n<div class=\"gb-container gb-container-136450a9\">\n\n<h2 class=\"gb-headline gb-headline-2b607dee gb-headline-text gb-headline-crida-accio-titol\">Para estar al d\u00eda<\/h2>\n\n\n\n<p class=\"gb-headline gb-headline-a2634cce gb-headline-text gb-headline-crida-accio-description\">\u00a1S\u00edguenos en las redes y consulta nuestra secci\u00f3n de novedades!<\/p>\n\n\n<div class=\"gb-button-wrapper gb-button-wrapper-22937726 gb-button-wrapper-crida-accio-butons\">\n\n<a class=\"gb-button gb-button-9728cae7 gb-button-text gb-button-crida-accio-buto\" href=\"https:\/\/www.pinterest.es\/fincasagnunez\/\" target=\"_blank\" rel=\"noopener noreferrer\">Pinterest<\/a>\n\n\n\n<a class=\"gb-button gb-button-df04268b gb-button-text gb-button-crida-accio-buto\" href=\"https:\/\/agenapisos.com\/es\/noticias\/\">Noticias<\/a>\n\n<\/div>\n<\/div>\n<\/div>","protected":false},"excerpt":{"rendered":"<p>AG. N\u00fa\u00f1ez, con su amplia experiencia en el sector inmobiliario, ofrece un enfoque personalizado y profesional para la gesti\u00f3n de<\/p>\n","protected":false},"author":1,"featured_media":14235,"parent":0,"menu_order":0,"comment_status":"closed","ping_status":"closed","template":"","meta":{"_acf_changed":false,"footnotes":""},"class_list":{"0":"post-19049","1":"page","2":"type-page","3":"status-publish","4":"has-post-thumbnail","6":"infinite-scroll-item","7":"no-featured-image-padding"},"acf":[],"_links":{"self":[{"href":"https:\/\/agenapisos.com\/es\/wp-json\/wp\/v2\/pages\/19049","targetHints":{"allow":["GET"]}}],"collection":[{"href":"https:\/\/agenapisos.com\/es\/wp-json\/wp\/v2\/pages"}],"about":[{"href":"https:\/\/agenapisos.com\/es\/wp-json\/wp\/v2\/types\/page"}],"author":[{"embeddable":true,"href":"https:\/\/agenapisos.com\/es\/wp-json\/wp\/v2\/users\/1"}],"replies":[{"embeddable":true,"href":"https:\/\/agenapisos.com\/es\/wp-json\/wp\/v2\/comments?post=19049"}],"version-history":[{"count":5,"href":"https:\/\/agenapisos.com\/es\/wp-json\/wp\/v2\/pages\/19049\/revisions"}],"predecessor-version":[{"id":19507,"href":"https:\/\/agenapisos.com\/es\/wp-json\/wp\/v2\/pages\/19049\/revisions\/19507"}],"wp:featuredmedia":[{"embeddable":true,"href":"https:\/\/agenapisos.com\/es\/wp-json\/wp\/v2\/media\/14235"}],"wp:attachment":[{"href":"https:\/\/agenapisos.com\/es\/wp-json\/wp\/v2\/media?parent=19049"}],"curies":[{"name":"wp","href":"https:\/\/api.w.org\/{rel}","templated":true}]}}