{"id":19184,"date":"2023-12-04T09:07:19","date_gmt":"2023-12-04T08:07:19","guid":{"rendered":"https:\/\/agenapisos.com\/?page_id=19184"},"modified":"2023-12-04T11:31:13","modified_gmt":"2023-12-04T10:31:13","slug":"intermediacion-inmobiliaria","status":"publish","type":"page","link":"https:\/\/agenapisos.com\/es\/intermediacion-inmobiliaria\/","title":{"rendered":"Intermediaci\u00f3n inmobiliaria: clave para el \u00e9xito en el mercado inmobiliario"},"content":{"rendered":"<div class=\"gb-container gb-container-4a1c583a gb-container-container-espaiat-gran\"><div class=\"gb-inside-container\">\n<div class=\"gb-container gb-container-f9305ab2\">\n\n<div class=\"wp-block-columns are-vertically-aligned-center is-layout-flex wp-container-core-columns-is-layout-9d6595d7 wp-block-columns-is-layout-flex\">\n<div class=\"wp-block-column is-vertically-aligned-center is-layout-flow wp-block-column-is-layout-flow\" style=\"flex-basis:33.33%\"><div class=\"wp-block-image\">\n<figure class=\"aligncenter size-large\"><img loading=\"lazy\" decoding=\"async\" width=\"1681\" height=\"2100\" src=\"https:\/\/agenapisos.com\/wp-content\/uploads\/2023\/11\/pexels-daria-obymaha-1700918-1681x2100.jpg\" alt=\"\" class=\"wp-image-19276\" style=\"aspect-ratio:1;object-fit:cover\" srcset=\"https:\/\/agenapisos.com\/wp-content\/uploads\/2023\/11\/pexels-daria-obymaha-1700918-1681x2100.jpg 1681w, https:\/\/agenapisos.com\/wp-content\/uploads\/2023\/11\/pexels-daria-obymaha-1700918-320x400.jpg 320w, https:\/\/agenapisos.com\/wp-content\/uploads\/2023\/11\/pexels-daria-obymaha-1700918-768x959.jpg 768w, https:\/\/agenapisos.com\/wp-content\/uploads\/2023\/11\/pexels-daria-obymaha-1700918-1229x1536.jpg 1229w, https:\/\/agenapisos.com\/wp-content\/uploads\/2023\/11\/pexels-daria-obymaha-1700918-1639x2048.jpg 1639w\" sizes=\"auto, (max-width: 1681px) 100vw, 1681px\" \/><\/figure>\n<\/div><\/div>\n\n\n\n<div class=\"wp-block-column is-vertically-aligned-center is-layout-flow wp-block-column-is-layout-flow\" style=\"flex-basis:66.66%\">\n<p class=\"gb-headline gb-headline-1036fa9c gb-headline-text\"><strong>AG. N\u00fa\u00f1ez<\/strong> sobresale en intermediaci\u00f3n inmobiliaria en Barcelona. Con enfoque pr\u00e1ctico y experiencia, garantizamos transacciones eficientes y claras. Adaptamos nuestro servicio a las necesidades individuales, ofreciendo una intermediaci\u00f3n s\u00f3lida y sin complicaciones. Desde la b\u00fasqueda hasta la firma, conf\u00ede en AG. N\u00fa\u00f1ez para una experiencia inmobiliaria simple y efectiva.<\/p>\n<\/div>\n<\/div>\n\n<\/div>\n<\/div><\/div>\n\n<div class=\"gb-container gb-container-0bc03a26 alignfull gb-container-container-espaiat-petit\"><div class=\"gb-inside-container\">\n<div class=\"gb-container gb-container-98927122\">\n\n<h2 class=\"gb-headline gb-headline-a4b6c0cc gb-headline-section-title\"><span class=\"gb-icon\"><svg xmlns:xlink=\"http:\/\/www.w3.org\/1999\/xlink\" xmlns=\"http:\/\/www.w3.org\/2000\/svg\" version=\"1.1\" viewBox=\"0 0 135 114\" height=\"114px\" width=\"135px\"><g fill-rule=\"evenodd\" fill=\"none\" stroke-width=\"1\" stroke=\"none\" id=\"Icons\"><g transform=\"translate(-9.000000, -9.000000)\" id=\"ico-separator-2\"><path transform=\"translate(111.081046, 89.699893) rotate(11.000000) translate(-111.081046, -89.699893)\" fill-rule=\"nonzero\" fill=\"#C9D7E3\" id=\"CircleSmall\" d=\"M111.081046,57.1998927 C129.0303,57.1998927 143.581046,71.7506383 143.581046,89.6998927 C143.581046,107.649147 129.0303,122.199893 111.081046,122.199893 C93.1317917,122.199893 78.5810461,107.649147 78.5810461,89.6998927 C78.5810461,71.7506383 93.1317917,57.1998927 111.081046,57.1998927 Z\"><\/path><path transform=\"translate(59.912847, 62.435619) rotate(11.000000) translate(-59.912847, -62.435619)\" fill=\"#4E7EA5\" id=\"CircleBig\" d=\"M62.3432109,9.43561862 C83.6863551,9.43561862 102.082908,22.0514744 110.482484,40.2327993 C90.9597658,42.6280283 75.8432109,59.2664932 75.8432109,79.4356186 C75.8432109,90.9280872 80.7512197,101.274229 88.5855495,108.492356 C80.8499009,112.910723 71.8914164,115.435619 62.3432109,115.435619 C33.0721192,115.435619 9.34321089,91.7067104 9.34321089,62.4356186 C9.34321089,33.1645269 33.0721192,9.43561862 62.3432109,9.43561862 Z\"><\/path><\/g><\/g><\/svg><\/span><span class=\"gb-headline-text\">\u00bfQu\u00e9 es la intermediaci\u00f3n inmobiliaria?<\/span><\/h2>\n\n\n\n<p class=\"gb-headline gb-headline-8ca9410b gb-headline-text gb-headline-text-gran\">La intermediaci\u00f3n inmobiliaria se refiere al proceso de asistir y asesorar a clientes en la compra, venta o alquiler de propiedades.&nbsp; Los intermediarios inmobiliarios, como AG N\u00fa\u00f1ez, ofrecen un conocimiento profundo del mercado, asesoramiento legal y apoyo en todas las etapas de la transacci\u00f3n inmobiliaria.<\/p>\n\n<\/div>\n<\/div><\/div>\n\n<div class=\"gb-container gb-container-194cbd86 gb-container-container-espaiat-petit\"><div class=\"gb-inside-container\">\n\n<h2 class=\"gb-headline gb-headline-4450bc02 gb-headline-section-title\"><span class=\"gb-icon\"><svg xmlns:xlink=\"http:\/\/www.w3.org\/1999\/xlink\" xmlns=\"http:\/\/www.w3.org\/2000\/svg\" version=\"1.1\" viewBox=\"0 0 135 114\" height=\"114px\" width=\"135px\"><g fill-rule=\"evenodd\" fill=\"none\" stroke-width=\"1\" stroke=\"none\" id=\"Icons\"><g transform=\"translate(-9.000000, -9.000000)\" id=\"ico-separator-2\"><path transform=\"translate(111.081046, 89.699893) rotate(11.000000) translate(-111.081046, -89.699893)\" fill-rule=\"nonzero\" fill=\"#C9D7E3\" id=\"CircleSmall\" d=\"M111.081046,57.1998927 C129.0303,57.1998927 143.581046,71.7506383 143.581046,89.6998927 C143.581046,107.649147 129.0303,122.199893 111.081046,122.199893 C93.1317917,122.199893 78.5810461,107.649147 78.5810461,89.6998927 C78.5810461,71.7506383 93.1317917,57.1998927 111.081046,57.1998927 Z\"><\/path><path transform=\"translate(59.912847, 62.435619) rotate(11.000000) translate(-59.912847, -62.435619)\" fill=\"#4E7EA5\" id=\"CircleBig\" d=\"M62.3432109,9.43561862 C83.6863551,9.43561862 102.082908,22.0514744 110.482484,40.2327993 C90.9597658,42.6280283 75.8432109,59.2664932 75.8432109,79.4356186 C75.8432109,90.9280872 80.7512197,101.274229 88.5855495,108.492356 C80.8499009,112.910723 71.8914164,115.435619 62.3432109,115.435619 C33.0721192,115.435619 9.34321089,91.7067104 9.34321089,62.4356186 C9.34321089,33.1645269 33.0721192,9.43561862 62.3432109,9.43561862 Z\"><\/path><\/g><\/g><\/svg><\/span><span class=\"gb-headline-text\">Beneficios de la intermediaci\u00f3n inmobiliaria<\/span><\/h2>\n\n\n<div class=\"gb-container gb-container-5ccbd9e2 service_item\"><div class=\"gb-inside-container\">\n<div class=\"gb-grid-wrapper gb-grid-wrapper-cf3b9b54 gb-grid-wrapper-team-grid\">\n<div class=\"gb-grid-column gb-grid-column-1e2142fa gb-grid-column-team-item\"><div class=\"gb-container gb-container-1e2142fa gb-container-team-item\"><div class=\"gb-inside-container\">\n\n<h4 class=\"gb-headline gb-headline-485cb4a1 gb-headline-team-title\"><span class=\"gb-icon\"><svg xmlns=\"http:\/\/www.w3.org\/2000\/svg\" aria-hidden=\"true\" role=\"img\" height=\"1em\" width=\"1em\" viewBox=\"0 0 512 512\"><path fill=\"currentColor\" d=\"M328 256c0 39.8-32.2 72-72 72s-72-32.2-72-72 32.2-72 72-72 72 32.2 72 72zm104-72c-39.8 0-72 32.2-72 72s32.2 72 72 72 72-32.2 72-72-32.2-72-72-72zm-352 0c-39.8 0-72 32.2-72 72s32.2 72 72 72 72-32.2 72-72-32.2-72-72-72z\"><\/path><\/svg><\/span><span class=\"gb-headline-text\">Conocimiento del Mercado Local<\/span><\/h4>\n\n\n\n<p class=\"gb-headline gb-headline-89eb696f gb-headline-text gb-headline-team-description\">Los intermediarios inmobiliarios poseen un conocimiento detallado del mercado local, lo que les permite ofrecer valoraciones precisas y asesoramiento sobre precios.&nbsp;Este conocimiento es crucial para establecer precios competitivos y realistas, tanto para la compra como para la venta de propiedades.<\/p>\n\n<\/div><\/div><\/div>\n\n<div class=\"gb-grid-column gb-grid-column-4153e229 gb-grid-column-team-item\"><div class=\"gb-container gb-container-4153e229 gb-container-team-item\"><div class=\"gb-inside-container\">\n\n<h4 class=\"gb-headline gb-headline-74a43078 gb-headline-team-title\"><span class=\"gb-icon\"><svg xmlns=\"http:\/\/www.w3.org\/2000\/svg\" aria-hidden=\"true\" role=\"img\" height=\"1em\" width=\"1em\" viewBox=\"0 0 512 512\"><path fill=\"currentColor\" d=\"M328 256c0 39.8-32.2 72-72 72s-72-32.2-72-72 32.2-72 72-72 72 32.2 72 72zm104-72c-39.8 0-72 32.2-72 72s32.2 72 72 72 72-32.2 72-72-32.2-72-72-72zm-352 0c-39.8 0-72 32.2-72 72s32.2 72 72 72 72-32.2 72-72-32.2-72-72-72z\"><\/path><\/svg><\/span><span class=\"gb-headline-text\">Asesoramiento Legal y Administrativo<\/span><\/h4>\n\n\n\n<p class=\"gb-headline gb-headline-2e11c738 gb-headline-text gb-headline-team-description\">La compra o venta de una propiedad implica una serie de tr\u00e1mites legales y administrativos. Los intermediarios inmobiliarios est\u00e1n equipados para manejar estos procesos, asegurando que todas las transacciones cumplan con las normativas vigentes y evitando posibles complicaciones legales.&nbsp;<\/p>\n\n<\/div><\/div><\/div>\n\n<div class=\"gb-grid-column gb-grid-column-8dcc71c2 gb-grid-column-team-item\"><div class=\"gb-container gb-container-8dcc71c2 gb-container-team-item\"><div class=\"gb-inside-container\">\n\n<h4 class=\"gb-headline gb-headline-a1e46551 gb-headline-team-title\"><span class=\"gb-icon\"><svg xmlns=\"http:\/\/www.w3.org\/2000\/svg\" aria-hidden=\"true\" role=\"img\" height=\"1em\" width=\"1em\" viewBox=\"0 0 512 512\"><path fill=\"currentColor\" d=\"M328 256c0 39.8-32.2 72-72 72s-72-32.2-72-72 32.2-72 72-72 72 32.2 72 72zm104-72c-39.8 0-72 32.2-72 72s32.2 72 72 72 72-32.2 72-72-32.2-72-72-72zm-352 0c-39.8 0-72 32.2-72 72s32.2 72 72 72 72-32.2 72-72-32.2-72-72-72z\"><\/path><\/svg><\/span><span class=\"gb-headline-text\">Negociaci\u00f3n y Cierre de Tratos<\/span><\/h4>\n\n\n\n<p class=\"gb-headline gb-headline-f2a1765e gb-headline-text gb-headline-team-description\">Una de las habilidades m\u00e1s valiosas de un intermediario inmobiliario es su capacidad para negociar. Su experiencia y habilidades de negociaci\u00f3n pueden ser decisivas para cerrar tratos de manera efectiva, asegurando que ambas partes queden satisfechas con el acuerdo.<\/p>\n\n<\/div><\/div><\/div>\n<\/div>\n<\/div><\/div>\n<\/div><\/div>\n\n<div class=\"gb-container gb-container-fbf7dcf8 gb-container-container-espaiat-petit\"><div class=\"gb-inside-container\">\n\n<h2 class=\"gb-headline gb-headline-198cb827 gb-headline-section-title\"><span class=\"gb-icon\"><svg xmlns:xlink=\"http:\/\/www.w3.org\/1999\/xlink\" xmlns=\"http:\/\/www.w3.org\/2000\/svg\" version=\"1.1\" viewBox=\"0 0 135 114\" height=\"114px\" width=\"135px\"><g fill-rule=\"evenodd\" fill=\"none\" stroke-width=\"1\" stroke=\"none\" id=\"Icons\"><g transform=\"translate(-9.000000, -9.000000)\" id=\"ico-separator-2\"><path transform=\"translate(111.081046, 89.699893) rotate(11.000000) translate(-111.081046, -89.699893)\" fill-rule=\"nonzero\" fill=\"#C9D7E3\" id=\"CircleSmall\" d=\"M111.081046,57.1998927 C129.0303,57.1998927 143.581046,71.7506383 143.581046,89.6998927 C143.581046,107.649147 129.0303,122.199893 111.081046,122.199893 C93.1317917,122.199893 78.5810461,107.649147 78.5810461,89.6998927 C78.5810461,71.7506383 93.1317917,57.1998927 111.081046,57.1998927 Z\"><\/path><path transform=\"translate(59.912847, 62.435619) rotate(11.000000) translate(-59.912847, -62.435619)\" fill=\"#4E7EA5\" id=\"CircleBig\" d=\"M62.3432109,9.43561862 C83.6863551,9.43561862 102.082908,22.0514744 110.482484,40.2327993 C90.9597658,42.6280283 75.8432109,59.2664932 75.8432109,79.4356186 C75.8432109,90.9280872 80.7512197,101.274229 88.5855495,108.492356 C80.8499009,112.910723 71.8914164,115.435619 62.3432109,115.435619 C33.0721192,115.435619 9.34321089,91.7067104 9.34321089,62.4356186 C9.34321089,33.1645269 33.0721192,9.43561862 62.3432109,9.43561862 Z\"><\/path><\/g><\/g><\/svg><\/span><span class=\"gb-headline-text\">Nuestros servicios en intermediaci\u00f3n inmobiliaria<\/span><\/h2>\n\n<\/div><\/div>\n\n<div class=\"gb-container gb-container-c7d4cfe4 alignfull\">\n<div class=\"gb-container gb-container-28e1dc92\">\n\n<h3 class=\"gb-headline gb-headline-8445cd91 gb-headline-text\">Soluciones inmobiliarias integradas<\/h3>\n\n\n\n<h4 class=\"gb-headline gb-headline-ddbf946a gb-headline-text\">Valoraci\u00f3n de Propiedades<\/h4>\n\n\n\n<p>Realizamos valoraciones precisas del valor de mercado de las propiedades, basada en un profundo conocimiento del mercado local.<\/p>\n\n\n\n<h4 class=\"gb-headline gb-headline-2d1085f6 gb-headline-text\">Marketing Inmobiliario<\/h4>\n\n\n\n<p>Estrategias de marketing efectivas para promocionar propiedades, alcanzando a potenciales compradores o inquilinos.<\/p>\n\n\n\n<h4 class=\"gb-headline gb-headline-a612babc gb-headline-text\">Gesti\u00f3n de Documentaci\u00f3n<\/h4>\n\n\n\n<p>Manejo de toda la documentaci\u00f3n necesaria, desde contratos hasta tr\u00e1mites legales, asegurando un proceso sin contratiempos.<\/p>\n\n<\/div>\n\n<div class=\"gb-container gb-container-2c6f02df\">\n\n<h3 class=\"gb-headline gb-headline-bbca17f0 gb-headline-text\">Estrategias efectivas en la intermediaci\u00f3n inmobiliaria<\/h3>\n\n\n\n<h4 class=\"gb-headline gb-headline-a5f08e3d gb-headline-text\">Personalizaci\u00f3n del Servicio<\/h4>\n\n\n\n<p>Cada cliente tiene necesidades \u00fanicas, y un buen intermediario inmobiliario sabe c\u00f3mo adaptar sus servicios a cada caso. Esto incluye entender las preferencias del cliente, su presupuesto, y sus expectativas en cuanto a la propiedad.<\/p>\n\n\n\n<h4 class=\"gb-headline gb-headline-71e54c3c gb-headline-text\">Uso de Tecnolog\u00eda<\/h4>\n\n\n\n<p>La tecnolog\u00eda juega un papel crucial en la intermediaci\u00f3n inmobiliaria moderna. Herramientas como bases de datos de propiedades, software de gesti\u00f3n de clientes y plataformas de marketing digital son esenciales para ofrecer un servicio eficiente y efectivo.<\/p>\n\n\n\n<h4 class=\"gb-headline gb-headline-76e15454 gb-headline-text\">Red de Contactos<\/h4>\n\n\n\n<p>Una amplia red de contactos, que incluya a otros agentes inmobiliarios, potenciales compradores, y profesionales del sector, es fundamental.&nbsp;Esta red permite a los intermediarios encontrar las mejores oportunidades y colaborar para cerrar tratos de manera m\u00e1s efectiva.<\/p>\n\n<\/div>\n<\/div>\n\n<div class=\"gb-container gb-container-c497ec9f alignfull gb-container-crida-accio-container\"><div class=\"gb-inside-container\">\n\n<h2 class=\"gb-headline gb-headline-675506d3 gb-headline-text gb-headline-crida-accio-titol\">\u00bfNecesitas ayuda con tu vivienda?<\/h2>\n\n\n<div class=\"gb-button-wrapper gb-button-wrapper-aed9c000 gb-button-wrapper-crida-accio-butons\">\n\n<a class=\"gb-button gb-button-cc9a2423 gb-button-text gb-button-crida-accio-buto\" href=\"https:\/\/agenapisos.com\/wp-content\/uploads\/2023\/04\/contacto-e1682345090214.png\">Contacto<\/a>\n\n<\/div>\n<\/div><\/div>\n\n<div class=\"gb-container gb-container-6b8f3a1b gb-container-container-espaiat-petit\"><div class=\"gb-inside-container\">\n\n<h2 class=\"gb-headline gb-headline-4bafe9cd gb-headline-section-title\"><span class=\"gb-icon\"><svg xmlns:xlink=\"http:\/\/www.w3.org\/1999\/xlink\" xmlns=\"http:\/\/www.w3.org\/2000\/svg\" version=\"1.1\" viewBox=\"0 0 135 114\" height=\"114px\" width=\"135px\"><g fill-rule=\"evenodd\" fill=\"none\" stroke-width=\"1\" stroke=\"none\" id=\"Icons\"><g transform=\"translate(-9.000000, -9.000000)\" id=\"ico-separator-2\"><path transform=\"translate(111.081046, 89.699893) rotate(11.000000) translate(-111.081046, -89.699893)\" fill-rule=\"nonzero\" fill=\"#C9D7E3\" id=\"CircleSmall\" d=\"M111.081046,57.1998927 C129.0303,57.1998927 143.581046,71.7506383 143.581046,89.6998927 C143.581046,107.649147 129.0303,122.199893 111.081046,122.199893 C93.1317917,122.199893 78.5810461,107.649147 78.5810461,89.6998927 C78.5810461,71.7506383 93.1317917,57.1998927 111.081046,57.1998927 Z\"><\/path><path transform=\"translate(59.912847, 62.435619) rotate(11.000000) translate(-59.912847, -62.435619)\" fill=\"#4E7EA5\" id=\"CircleBig\" d=\"M62.3432109,9.43561862 C83.6863551,9.43561862 102.082908,22.0514744 110.482484,40.2327993 C90.9597658,42.6280283 75.8432109,59.2664932 75.8432109,79.4356186 C75.8432109,90.9280872 80.7512197,101.274229 88.5855495,108.492356 C80.8499009,112.910723 71.8914164,115.435619 62.3432109,115.435619 C33.0721192,115.435619 9.34321089,91.7067104 9.34321089,62.4356186 C9.34321089,33.1645269 33.0721192,9.43561862 62.3432109,9.43561862 Z\"><\/path><\/g><\/g><\/svg><\/span><span class=\"gb-headline-text\">Preguntas frecuentes (FAQ)<\/span><\/h2>\n\n\n<div id=\"rank-math-faq\" class=\"rank-math-block\">\n<div class=\"rank-math-list \">\n<div id=\"faq-question-1700828643920\" class=\"rank-math-list-item\">\n<h3 class=\"rank-math-question \">1. \u00bfEs necesario un intermediario inmobiliario para vender o comprar una propiedad?<\/h3>\n<div class=\"rank-math-answer \">\n\n<p>Aunque no es obligatorio, contar con un intermediario inmobiliario puede simplificar significativamente el proceso, asegurando que se manejen adecuadamente todos los aspectos legales y administrativos, y ayudando a obtener el mejor acuerdo posible.<\/p>\n\n<\/div>\n<\/div>\n<div id=\"faq-question-1700828657713\" class=\"rank-math-list-item\">\n<h3 class=\"rank-math-question \">2. \u00bfQu\u00e9 comisi\u00f3n cobra un intermediario inmobiliario?<\/h3>\n<div class=\"rank-math-answer \">\n\n<p>La comisi\u00f3n var\u00eda seg\u00fan la agencia y el tipo de transacci\u00f3n. Generalmente, se calcula como un porcentaje del precio de venta o alquiler de la propiedad.<\/p>\n\n<\/div>\n<\/div>\n<div id=\"faq-question-1700828668522\" class=\"rank-math-list-item\">\n<h3 class=\"rank-math-question \">3. \u00bfC\u00f3mo puede un intermediario inmobiliario ayudar en la negociaci\u00f3n?<\/h3>\n<div class=\"rank-math-answer \">\n\n<p>Los intermediarios tienen experiencia en el mercado y habilidades de negociaci\u00f3n que les permiten obtener condiciones favorables para sus clientes, equilibrando las expectativas de todas las partes involucradas.<\/p>\n\n<\/div>\n<\/div>\n<div id=\"faq-question-1700828679752\" class=\"rank-math-list-item\">\n<h3 class=\"rank-math-question \">4. \u00bfPuede un intermediario inmobiliario ayudar con la financiaci\u00f3n?<\/h3>\n<div class=\"rank-math-answer \">\n\n<p>Aunque los intermediarios inmobiliarios no ofrecen financiaci\u00f3n directamente, pueden asesorar y guiar a los clientes en la b\u00fasqueda de opciones de financiaci\u00f3n y ayudarles a entender los requisitos y condiciones.<\/p>\n\n<\/div>\n<\/div>\n<\/div>\n<\/div>\n<\/div><\/div>\n\n<div class=\"gb-container gb-container-f6158223 alignfull\">\n<div class=\"gb-container gb-container-136450a9\">\n\n<h2 class=\"gb-headline gb-headline-2b607dee gb-headline-text gb-headline-crida-accio-titol\">Para estar al d\u00eda<\/h2>\n\n\n\n<p class=\"gb-headline gb-headline-a2634cce gb-headline-text gb-headline-crida-accio-description\">\u00a1S\u00edguenos en las redes y consulta nuestra secci\u00f3n de novedades!<\/p>\n\n\n<div class=\"gb-button-wrapper gb-button-wrapper-22937726 gb-button-wrapper-crida-accio-butons\">\n\n<a class=\"gb-button gb-button-9728cae7 gb-button-text gb-button-crida-accio-buto\" href=\"https:\/\/www.pinterest.es\/fincasagnunez\/\" target=\"_blank\" rel=\"noopener noreferrer\">Pinterest<\/a>\n\n\n\n<a class=\"gb-button gb-button-df04268b gb-button-text gb-button-crida-accio-buto\" href=\"https:\/\/agenapisos.com\/es\/noticias\/\">Noticias<\/a>\n\n<\/div>\n<\/div>\n<\/div>","protected":false},"excerpt":{"rendered":"<p>AG. N\u00fa\u00f1ez sobresale en intermediaci\u00f3n inmobiliaria en Barcelona. Con enfoque pr\u00e1ctico y experiencia, garantizamos transacciones eficientes y claras. Adaptamos nuestro<\/p>\n","protected":false},"author":1,"featured_media":14235,"parent":0,"menu_order":0,"comment_status":"closed","ping_status":"closed","template":"","meta":{"_acf_changed":false,"footnotes":""},"class_list":{"0":"post-19184","1":"page","2":"type-page","3":"status-publish","4":"has-post-thumbnail","6":"infinite-scroll-item","7":"no-featured-image-padding"},"acf":[],"_links":{"self":[{"href":"https:\/\/agenapisos.com\/es\/wp-json\/wp\/v2\/pages\/19184","targetHints":{"allow":["GET"]}}],"collection":[{"href":"https:\/\/agenapisos.com\/es\/wp-json\/wp\/v2\/pages"}],"about":[{"href":"https:\/\/agenapisos.com\/es\/wp-json\/wp\/v2\/types\/page"}],"author":[{"embeddable":true,"href":"https:\/\/agenapisos.com\/es\/wp-json\/wp\/v2\/users\/1"}],"replies":[{"embeddable":true,"href":"https:\/\/agenapisos.com\/es\/wp-json\/wp\/v2\/comments?post=19184"}],"version-history":[{"count":5,"href":"https:\/\/agenapisos.com\/es\/wp-json\/wp\/v2\/pages\/19184\/revisions"}],"predecessor-version":[{"id":19508,"href":"https:\/\/agenapisos.com\/es\/wp-json\/wp\/v2\/pages\/19184\/revisions\/19508"}],"wp:featuredmedia":[{"embeddable":true,"href":"https:\/\/agenapisos.com\/es\/wp-json\/wp\/v2\/media\/14235"}],"wp:attachment":[{"href":"https:\/\/agenapisos.com\/es\/wp-json\/wp\/v2\/media?parent=19184"}],"curies":[{"name":"wp","href":"https:\/\/api.w.org\/{rel}","templated":true}]}}