{"id":19233,"date":"2023-12-04T09:33:42","date_gmt":"2023-12-04T08:33:42","guid":{"rendered":"https:\/\/agenapisos.com\/?page_id=19233"},"modified":"2023-12-04T11:32:04","modified_gmt":"2023-12-04T10:32:04","slug":"derecho-inmobiliario","status":"publish","type":"page","link":"https:\/\/agenapisos.com\/es\/derecho-inmobiliario\/","title":{"rendered":"Derecho inmobiliario: Expertos en transacciones seguras"},"content":{"rendered":"<div class=\"gb-container gb-container-4a1c583a gb-container-container-espaiat-gran\"><div class=\"gb-inside-container\">\n<div class=\"gb-container gb-container-f9305ab2\">\n\n<div class=\"wp-block-columns are-vertically-aligned-center is-layout-flex wp-container-core-columns-is-layout-9d6595d7 wp-block-columns-is-layout-flex\">\n<div class=\"wp-block-column is-vertically-aligned-center is-layout-flow wp-block-column-is-layout-flow\" style=\"flex-basis:33.33%\"><div class=\"wp-block-image\">\n<figure class=\"aligncenter size-large\"><img loading=\"lazy\" decoding=\"async\" width=\"1400\" height=\"2100\" src=\"https:\/\/agenapisos.com\/wp-content\/uploads\/2023\/11\/pexels-consuelo-borroni-17650738-1400x2100.jpg\" alt=\"derecho inmobiliario\" class=\"wp-image-19210\" style=\"aspect-ratio:1;object-fit:cover\" srcset=\"https:\/\/agenapisos.com\/wp-content\/uploads\/2023\/11\/pexels-consuelo-borroni-17650738-1400x2100.jpg 1400w, https:\/\/agenapisos.com\/wp-content\/uploads\/2023\/11\/pexels-consuelo-borroni-17650738-267x400.jpg 267w, https:\/\/agenapisos.com\/wp-content\/uploads\/2023\/11\/pexels-consuelo-borroni-17650738-768x1152.jpg 768w, https:\/\/agenapisos.com\/wp-content\/uploads\/2023\/11\/pexels-consuelo-borroni-17650738-1024x1536.jpg 1024w, https:\/\/agenapisos.com\/wp-content\/uploads\/2023\/11\/pexels-consuelo-borroni-17650738-1365x2048.jpg 1365w, https:\/\/agenapisos.com\/wp-content\/uploads\/2023\/11\/pexels-consuelo-borroni-17650738-scaled.jpg 1707w\" sizes=\"auto, (max-width: 1400px) 100vw, 1400px\" \/><\/figure>\n<\/div><\/div>\n\n\n\n<div class=\"wp-block-column is-vertically-aligned-center is-layout-flow wp-block-column-is-layout-flow\" style=\"flex-basis:66.66%\">\n<p class=\"gb-headline gb-headline-1036fa9c gb-headline-text\">En <strong>AG. N\u00fa\u00f1ez<\/strong>, nos destacamos por nuestra profunda experiencia y dedicaci\u00f3n en el \u00e1mbito del derecho inmobiliario. Nuestro equipo se compromete a ofrecer servicios jur\u00eddicos personalizados, adaptados a las necesidades \u00fanicas de cada cliente. Buscamos no solo garantizar la seguridad y el \u00e9xito en las transacciones inmobiliarias, sino tambi\u00e9n proporcionar un asesoramiento legal eficiente y claro.<\/p>\n<\/div>\n<\/div>\n\n<\/div>\n<\/div><\/div>\n\n<div class=\"gb-container gb-container-d9af8325 alignfull gb-container-container-espaiat-petit\"><div class=\"gb-inside-container\">\n<div class=\"gb-container gb-container-571e6856\">\n\n<h2 class=\"gb-headline gb-headline-df536d79 gb-headline-section-title\"><span class=\"gb-icon\"><svg xmlns:xlink=\"http:\/\/www.w3.org\/1999\/xlink\" xmlns=\"http:\/\/www.w3.org\/2000\/svg\" version=\"1.1\" viewBox=\"0 0 135 114\" height=\"114px\" width=\"135px\"><g fill-rule=\"evenodd\" fill=\"none\" stroke-width=\"1\" stroke=\"none\" id=\"Icons\"><g transform=\"translate(-9.000000, -9.000000)\" id=\"ico-separator-2\"><path transform=\"translate(111.081046, 89.699893) rotate(11.000000) translate(-111.081046, -89.699893)\" fill-rule=\"nonzero\" fill=\"#C9D7E3\" id=\"CircleSmall\" d=\"M111.081046,57.1998927 C129.0303,57.1998927 143.581046,71.7506383 143.581046,89.6998927 C143.581046,107.649147 129.0303,122.199893 111.081046,122.199893 C93.1317917,122.199893 78.5810461,107.649147 78.5810461,89.6998927 C78.5810461,71.7506383 93.1317917,57.1998927 111.081046,57.1998927 Z\"><\/path><path transform=\"translate(59.912847, 62.435619) rotate(11.000000) translate(-59.912847, -62.435619)\" fill=\"#4E7EA5\" id=\"CircleBig\" d=\"M62.3432109,9.43561862 C83.6863551,9.43561862 102.082908,22.0514744 110.482484,40.2327993 C90.9597658,42.6280283 75.8432109,59.2664932 75.8432109,79.4356186 C75.8432109,90.9280872 80.7512197,101.274229 88.5855495,108.492356 C80.8499009,112.910723 71.8914164,115.435619 62.3432109,115.435619 C33.0721192,115.435619 9.34321089,91.7067104 9.34321089,62.4356186 C9.34321089,33.1645269 33.0721192,9.43561862 62.3432109,9.43561862 Z\"><\/path><\/g><\/g><\/svg><\/span><span class=\"gb-headline-text\">\u00bfQu\u00e9 es el derecho inmobiliario?<\/span><\/h2>\n\n\n\n<p class=\"gb-headline gb-headline-fbf289f0 gb-headline-text gb-headline-text-gran\">El derecho inmobiliario es una rama del derecho que se ocupa de las normas y pr\u00e1cticas relacionadas con la propiedad inmobiliaria.&nbsp;Este campo abarca una amplia variedad de aspectos legales, incluyendo la compra y venta de propiedades, arrendamientos, hipotecas, derechos de paso, y la regulaci\u00f3n del uso del suelo.<\/p>\n\n<\/div>\n<\/div><\/div>\n\n<div class=\"gb-container gb-container-194cbd86 gb-container-container-espaiat-petit\"><div class=\"gb-inside-container\">\n\n<h2 class=\"gb-headline gb-headline-4450bc02 gb-headline-section-title\"><span class=\"gb-icon\"><svg xmlns:xlink=\"http:\/\/www.w3.org\/1999\/xlink\" xmlns=\"http:\/\/www.w3.org\/2000\/svg\" version=\"1.1\" viewBox=\"0 0 135 114\" height=\"114px\" width=\"135px\"><g fill-rule=\"evenodd\" fill=\"none\" stroke-width=\"1\" stroke=\"none\" id=\"Icons\"><g transform=\"translate(-9.000000, -9.000000)\" id=\"ico-separator-2\"><path transform=\"translate(111.081046, 89.699893) rotate(11.000000) translate(-111.081046, -89.699893)\" fill-rule=\"nonzero\" fill=\"#C9D7E3\" id=\"CircleSmall\" d=\"M111.081046,57.1998927 C129.0303,57.1998927 143.581046,71.7506383 143.581046,89.6998927 C143.581046,107.649147 129.0303,122.199893 111.081046,122.199893 C93.1317917,122.199893 78.5810461,107.649147 78.5810461,89.6998927 C78.5810461,71.7506383 93.1317917,57.1998927 111.081046,57.1998927 Z\"><\/path><path transform=\"translate(59.912847, 62.435619) rotate(11.000000) translate(-59.912847, -62.435619)\" fill=\"#4E7EA5\" id=\"CircleBig\" d=\"M62.3432109,9.43561862 C83.6863551,9.43561862 102.082908,22.0514744 110.482484,40.2327993 C90.9597658,42.6280283 75.8432109,59.2664932 75.8432109,79.4356186 C75.8432109,90.9280872 80.7512197,101.274229 88.5855495,108.492356 C80.8499009,112.910723 71.8914164,115.435619 62.3432109,115.435619 C33.0721192,115.435619 9.34321089,91.7067104 9.34321089,62.4356186 C9.34321089,33.1645269 33.0721192,9.43561862 62.3432109,9.43561862 Z\"><\/path><\/g><\/g><\/svg><\/span><span class=\"gb-headline-text\">\u00bfPor qu\u00e9 es fundamental buscar asesoramiento en derecho inmobiliario?<\/span><\/h2>\n\n\n<div class=\"gb-container gb-container-5ccbd9e2 service_item\"><div class=\"gb-inside-container\">\n<div class=\"gb-grid-wrapper gb-grid-wrapper-cf3b9b54 gb-grid-wrapper-team-grid\">\n<div class=\"gb-grid-column gb-grid-column-1e2142fa gb-grid-column-team-item\"><div class=\"gb-container gb-container-1e2142fa gb-container-team-item\"><div class=\"gb-inside-container\">\n\n<h4 class=\"gb-headline gb-headline-485cb4a1 gb-headline-team-title\"><span class=\"gb-icon\"><svg xmlns=\"http:\/\/www.w3.org\/2000\/svg\" aria-hidden=\"true\" role=\"img\" height=\"1em\" width=\"1em\" viewBox=\"0 0 512 512\"><path fill=\"currentColor\" d=\"M328 256c0 39.8-32.2 72-72 72s-72-32.2-72-72 32.2-72 72-72 72 32.2 72 72zm104-72c-39.8 0-72 32.2-72 72s32.2 72 72 72 72-32.2 72-72-32.2-72-72-72zm-352 0c-39.8 0-72 32.2-72 72s32.2 72 72 72 72-32.2 72-72-32.2-72-72-72z\"><\/path><\/svg><\/span><span class=\"gb-headline-text\">Protecci\u00f3n contra riesgos legales<\/span><\/h4>\n\n\n\n<p class=\"gb-headline gb-headline-89eb696f gb-headline-text gb-headline-team-description\">Un abogado inmobiliario puede identificar y prevenir problemas legales antes de que surjan, como cuestiones relacionadas con el t\u00edtulo de propiedad o incumplimientos normativos.<\/p>\n\n<\/div><\/div><\/div>\n\n<div class=\"gb-grid-column gb-grid-column-4153e229 gb-grid-column-team-item\"><div class=\"gb-container gb-container-4153e229 gb-container-team-item\"><div class=\"gb-inside-container\">\n\n<h4 class=\"gb-headline gb-headline-74a43078 gb-headline-team-title\"><span class=\"gb-icon\"><svg xmlns=\"http:\/\/www.w3.org\/2000\/svg\" aria-hidden=\"true\" role=\"img\" height=\"1em\" width=\"1em\" viewBox=\"0 0 512 512\"><path fill=\"currentColor\" d=\"M328 256c0 39.8-32.2 72-72 72s-72-32.2-72-72 32.2-72 72-72 72 32.2 72 72zm104-72c-39.8 0-72 32.2-72 72s32.2 72 72 72 72-32.2 72-72-32.2-72-72-72zm-352 0c-39.8 0-72 32.2-72 72s32.2 72 72 72 72-32.2 72-72-32.2-72-72-72z\"><\/path><\/svg><\/span><span class=\"gb-headline-text\">Maximizaci\u00f3n del valor y la inversi\u00f3n<\/span><\/h4>\n\n\n\n<p class=\"gb-headline gb-headline-2e11c738 gb-headline-text gb-headline-team-description\">Un experto en derecho inmobiliario puede ayudar a negociar t\u00e9rminos m\u00e1s favorables, maximizando el valor de la inversi\u00f3n, evaluando las oportunidades y riesgos asociados a una transacci\u00f3n, para tomar decisiones informadas.<\/p>\n\n<\/div><\/div><\/div>\n\n<div class=\"gb-grid-column gb-grid-column-8dcc71c2 gb-grid-column-team-item\"><div class=\"gb-container gb-container-8dcc71c2 gb-container-team-item\"><div class=\"gb-inside-container\">\n\n<h4 class=\"gb-headline gb-headline-a1e46551 gb-headline-team-title\"><span class=\"gb-icon\"><svg xmlns=\"http:\/\/www.w3.org\/2000\/svg\" aria-hidden=\"true\" role=\"img\" height=\"1em\" width=\"1em\" viewBox=\"0 0 512 512\"><path fill=\"currentColor\" d=\"M328 256c0 39.8-32.2 72-72 72s-72-32.2-72-72 32.2-72 72-72 72 32.2 72 72zm104-72c-39.8 0-72 32.2-72 72s32.2 72 72 72 72-32.2 72-72-32.2-72-72-72zm-352 0c-39.8 0-72 32.2-72 72s32.2 72 72 72 72-32.2 72-72-32.2-72-72-72z\"><\/path><\/svg><\/span><span class=\"gb-headline-text\">Cumplimiento normativo y legal<\/span><\/h4>\n\n\n\n<p class=\"gb-headline gb-headline-f2a1765e gb-headline-text gb-headline-team-description\">Los abogados inmobiliarios est\u00e1n al tanto de los cambios en la legislaci\u00f3n y normativas, asegurando que las transacciones cumplan con las leyes actuales vigentes.<\/p>\n\n<\/div><\/div><\/div>\n\n<div class=\"gb-grid-column gb-grid-column-dacd16ee gb-grid-column-team-item\"><div class=\"gb-container gb-container-dacd16ee gb-container-team-item\"><div class=\"gb-inside-container\">\n\n<h4 class=\"gb-headline gb-headline-a4184c20 gb-headline-team-title\"><span class=\"gb-icon\"><svg xmlns=\"http:\/\/www.w3.org\/2000\/svg\" aria-hidden=\"true\" role=\"img\" height=\"1em\" width=\"1em\" viewBox=\"0 0 512 512\"><path fill=\"currentColor\" d=\"M328 256c0 39.8-32.2 72-72 72s-72-32.2-72-72 32.2-72 72-72 72 32.2 72 72zm104-72c-39.8 0-72 32.2-72 72s32.2 72 72 72 72-32.2 72-72-32.2-72-72-72zm-352 0c-39.8 0-72 32.2-72 72s32.2 72 72 72 72-32.2 72-72-32.2-72-72-72z\"><\/path><\/svg><\/span><span class=\"gb-headline-text\">Eficiencia en el proceso de transacci\u00f3n<\/span><\/h4>\n\n\n\n<p class=\"gb-headline gb-headline-821a2704 gb-headline-text gb-headline-team-description\">La experiencia legal contribuye a evitar demoras innecesarias. Los abogados inmobiliarios suelen trabajar en coordinaci\u00f3n con otros profesionales, como agentes inmobiliarios y bancos, para asegurar un proceso fluido y eficiente.<\/p>\n\n<\/div><\/div><\/div>\n<\/div>\n<\/div><\/div>\n<\/div><\/div>\n\n<div class=\"gb-container gb-container-fbf7dcf8 gb-container-container-espaiat-petit\"><div class=\"gb-inside-container\">\n\n<h2 class=\"gb-headline gb-headline-198cb827 gb-headline-section-title\"><span class=\"gb-icon\"><svg xmlns:xlink=\"http:\/\/www.w3.org\/1999\/xlink\" xmlns=\"http:\/\/www.w3.org\/2000\/svg\" version=\"1.1\" viewBox=\"0 0 135 114\" height=\"114px\" width=\"135px\"><g fill-rule=\"evenodd\" fill=\"none\" stroke-width=\"1\" stroke=\"none\" id=\"Icons\"><g transform=\"translate(-9.000000, -9.000000)\" id=\"ico-separator-2\"><path transform=\"translate(111.081046, 89.699893) rotate(11.000000) translate(-111.081046, -89.699893)\" fill-rule=\"nonzero\" fill=\"#C9D7E3\" id=\"CircleSmall\" d=\"M111.081046,57.1998927 C129.0303,57.1998927 143.581046,71.7506383 143.581046,89.6998927 C143.581046,107.649147 129.0303,122.199893 111.081046,122.199893 C93.1317917,122.199893 78.5810461,107.649147 78.5810461,89.6998927 C78.5810461,71.7506383 93.1317917,57.1998927 111.081046,57.1998927 Z\"><\/path><path transform=\"translate(59.912847, 62.435619) rotate(11.000000) translate(-59.912847, -62.435619)\" fill=\"#4E7EA5\" id=\"CircleBig\" d=\"M62.3432109,9.43561862 C83.6863551,9.43561862 102.082908,22.0514744 110.482484,40.2327993 C90.9597658,42.6280283 75.8432109,59.2664932 75.8432109,79.4356186 C75.8432109,90.9280872 80.7512197,101.274229 88.5855495,108.492356 C80.8499009,112.910723 71.8914164,115.435619 62.3432109,115.435619 C33.0721192,115.435619 9.34321089,91.7067104 9.34321089,62.4356186 C9.34321089,33.1645269 33.0721192,9.43561862 62.3432109,9.43561862 Z\"><\/path><\/g><\/g><\/svg><\/span><span class=\"gb-headline-text\">Nuestros servicios en derecho inmobiliario<\/span><\/h2>\n\n<\/div><\/div>\n\n<div class=\"gb-container gb-container-c7d4cfe4 alignfull\">\n<div class=\"gb-container gb-container-28e1dc92\">\n\n<h3 class=\"gb-headline gb-headline-8445cd91 gb-headline-text\">Asesoramiento integral en transacciones<\/h3>\n\n\n\n<h4 class=\"gb-headline gb-headline-ddbf946a gb-headline-text\">Compra y venta de propiedades<\/h4>\n\n\n\n<p>Asistencia en todas las etapas del proceso, desde la negociaci\u00f3n hasta la firma del contrato.<\/p>\n\n\n\n<h4 class=\"gb-headline gb-headline-2d1085f6 gb-headline-text\">Arrendamientos y contratos de alquiler<\/h4>\n\n\n\n<p>Redacci\u00f3n y revisi\u00f3n de contratos de arrendamiento, asegurando la protecci\u00f3n de propietarios e inquilinos.<\/p>\n\n\n\n<h3 class=\"gb-headline gb-headline-27d588c7 gb-headline-text\">Gesti\u00f3n legal y resoluci\u00f3n de disputas<\/h3>\n\n\n\n<h4 class=\"gb-headline gb-headline-a612babc gb-headline-text\">Regulaci\u00f3n del uso del suelo y licencias<\/h4>\n\n\n\n<p>Asesoramiento en cuestiones de planificaci\u00f3n urbana, permisos de construcci\u00f3n y cumplimiento normativo.<\/p>\n\n\n\n<h4 class=\"gb-headline gb-headline-bcd7bb33 gb-headline-text\">Resoluci\u00f3n de conflictos inmobiliarios<\/h4>\n\n\n\n<p>Expertise en la mediaci\u00f3n y resoluci\u00f3n de disputas relacionadas con propiedades, evitando litigios costosos.<\/p>\n\n<\/div>\n\n<div class=\"gb-container gb-container-2c6f02df\">\n\n<h3 class=\"gb-headline gb-headline-bbca17f0 gb-headline-text\">Servicios de Due Diligence inmobiliaria<\/h3>\n\n\n\n<h4 class=\"gb-headline gb-headline-a5f08e3d gb-headline-text\">Revisi\u00f3n de t\u00edtulos y cargas<\/h4>\n\n\n\n<p>An\u00e1lisis exhaustivo de la titularidad y posibles cargas o limitaciones sobre las propiedades.<\/p>\n\n\n\n<h4 class=\"gb-headline gb-headline-71e54c3c gb-headline-text\">Evaluaci\u00f3n de riesgos legales<\/h4>\n\n\n\n<p>Identificaci\u00f3n y evaluaci\u00f3n de riesgos legales asociados a una propiedad o transacci\u00f3n inmobiliaria.<\/p>\n\n\n\n<h3 class=\"gb-headline gb-headline-faf90cfb gb-headline-text\">Gesti\u00f3n de propiedades y activos inmobiliarios<\/h3>\n\n\n\n<h4 class=\"gb-headline gb-headline-76e15454 gb-headline-text\">Administraci\u00f3n de propiedades<\/h4>\n\n\n\n<p>Servicios de gesti\u00f3n y administraci\u00f3n de propiedades, incluyendo la gesti\u00f3n de alquileres y mantenimiento.<\/p>\n\n\n\n<h4 class=\"gb-headline gb-headline-90baaa4b gb-headline-text\">Optimizaci\u00f3n de carteras inmobiliarias<\/h4>\n\n\n\n<p>Asesoramiento en la gesti\u00f3n y optimizaci\u00f3n de carteras de activos inmobiliarios.<\/p>\n\n\n\n<h4 class=\"gb-headline gb-headline-3e66562e gb-headline-text\">ITE (Inspecci\u00f3n T\u00e9cnica de Edificios)<\/h4>\n\n\n\n<p>Coordinamos y gestionamos la realizaci\u00f3n de la ITE, asegurando que su edificio cumpla con todas las normativas de seguridad y habitabilidad.<\/p>\n\n\n\n<h3 class=\"gb-headline gb-headline-a0efb9a1 gb-headline-text\">Consultor\u00eda en inversiones inmobiliarias<\/h3>\n\n\n\n<h4 class=\"gb-headline gb-headline-cbe32f87 gb-headline-text\">An\u00e1lisis de viabilidad<\/h4>\n\n\n\n<p>Evaluaci\u00f3n de la viabilidad de proyectos inmobiliarios, incluyendo an\u00e1lisis de mercado y proyecciones financieras.<\/p>\n\n\n\n<h4 class=\"gb-headline gb-headline-b9789c60 gb-headline-text\">Estrategias de inversi\u00f3n<\/h4>\n\n\n\n<p>Asesoramiento en la formulaci\u00f3n de estrategias de inversi\u00f3n inmobiliaria, adaptadas a los objetivos y perfil de riesgo del cliente.<\/p>\n\n<\/div>\n<\/div>\n\n<div class=\"gb-container gb-container-c497ec9f alignfull gb-container-crida-accio-container\"><div class=\"gb-inside-container\">\n\n<h2 class=\"gb-headline gb-headline-675506d3 gb-headline-text gb-headline-crida-accio-titol\">Cons\u00faltanos sobre derecho inmobiliario<\/h2>\n\n\n<div class=\"gb-button-wrapper gb-button-wrapper-aed9c000 gb-button-wrapper-crida-accio-butons\">\n\n<a class=\"gb-button gb-button-cc9a2423 gb-button-text gb-button-crida-accio-buto\" href=\"https:\/\/agenapisos.com\/wp-content\/uploads\/2023\/04\/contacto-e1682345090214.png\">Contacto<\/a>\n\n<\/div>\n<\/div><\/div>\n\n<div class=\"gb-container gb-container-6b8f3a1b gb-container-container-espaiat-petit\"><div class=\"gb-inside-container\">\n\n<h2 class=\"gb-headline gb-headline-4bafe9cd gb-headline-section-title\"><span class=\"gb-icon\"><svg xmlns:xlink=\"http:\/\/www.w3.org\/1999\/xlink\" xmlns=\"http:\/\/www.w3.org\/2000\/svg\" version=\"1.1\" viewBox=\"0 0 135 114\" height=\"114px\" width=\"135px\"><g fill-rule=\"evenodd\" fill=\"none\" stroke-width=\"1\" stroke=\"none\" id=\"Icons\"><g transform=\"translate(-9.000000, -9.000000)\" id=\"ico-separator-2\"><path transform=\"translate(111.081046, 89.699893) rotate(11.000000) translate(-111.081046, -89.699893)\" fill-rule=\"nonzero\" fill=\"#C9D7E3\" id=\"CircleSmall\" d=\"M111.081046,57.1998927 C129.0303,57.1998927 143.581046,71.7506383 143.581046,89.6998927 C143.581046,107.649147 129.0303,122.199893 111.081046,122.199893 C93.1317917,122.199893 78.5810461,107.649147 78.5810461,89.6998927 C78.5810461,71.7506383 93.1317917,57.1998927 111.081046,57.1998927 Z\"><\/path><path transform=\"translate(59.912847, 62.435619) rotate(11.000000) translate(-59.912847, -62.435619)\" fill=\"#4E7EA5\" id=\"CircleBig\" d=\"M62.3432109,9.43561862 C83.6863551,9.43561862 102.082908,22.0514744 110.482484,40.2327993 C90.9597658,42.6280283 75.8432109,59.2664932 75.8432109,79.4356186 C75.8432109,90.9280872 80.7512197,101.274229 88.5855495,108.492356 C80.8499009,112.910723 71.8914164,115.435619 62.3432109,115.435619 C33.0721192,115.435619 9.34321089,91.7067104 9.34321089,62.4356186 C9.34321089,33.1645269 33.0721192,9.43561862 62.3432109,9.43561862 Z\"><\/path><\/g><\/g><\/svg><\/span><span class=\"gb-headline-text\">Preguntas frecuentes (FAQ)<\/span><\/h2>\n\n\n<div id=\"rank-math-faq\" class=\"rank-math-block\">\n<div class=\"rank-math-list \">\n<div id=\"faq-question-1700828643920\" class=\"rank-math-list-item\">\n<h3 class=\"rank-math-question \">1. \u00bfEs necesario un abogado para comprar una propiedad?<\/h3>\n<div class=\"rank-math-answer \">\n\n<p>No es obligatorio, pero es altamente recomendable. Un abogado especializado en derecho inmobiliario puede identificar y resolver problemas legales, asegurando una transacci\u00f3n segura y conforme a la ley.<\/p>\n\n<\/div>\n<\/div>\n<div id=\"faq-question-1700828657713\" class=\"rank-math-list-item\">\n<h3 class=\"rank-math-question \">2. \u00bfQu\u00e9 tipo de conflictos puede resolver un abogado inmobiliario?<\/h3>\n<div class=\"rank-math-answer \">\n\n<p>Los abogados inmobiliarios pueden intervenir en una variedad de conflictos, incluyendo disputas de l\u00edmites, problemas con arrendamientos, incumplimientos contractuales y disputas entre propietarios e inquilinos.<\/p>\n\n<\/div>\n<\/div>\n<div id=\"faq-question-1700828668522\" class=\"rank-math-list-item\">\n<h3 class=\"rank-math-question \">3. \u00bfPuede un abogado inmobiliario asistir en la obtenci\u00f3n de permisos de construcci\u00f3n?<\/h3>\n<div class=\"rank-math-answer \">\n\n<p>S\u00ed. Los abogados inmobiliarios pueden asesorar y ayudar en el proceso de solicitud y obtenci\u00f3n de permisos de construcci\u00f3n, asegurando el cumplimiento de todas las normativas aplicables.<\/p>\n\n<\/div>\n<\/div>\n<div id=\"faq-question-1700828679752\" class=\"rank-math-list-item\">\n<h3 class=\"rank-math-question \">4. \u00bfC\u00f3mo puede un abogado ayudar en la venta de una propiedad?<\/h3>\n<div class=\"rank-math-answer \">\n\n<p>Un abogado puede revisar y preparar la documentaci\u00f3n necesaria, asesorar en la negociaci\u00f3n de t\u00e9rminos, y asegurar que la transacci\u00f3n cumpla con todas las leyes y regulaciones vigentes.<\/p>\n\n<\/div>\n<\/div>\n<\/div>\n<\/div>\n<\/div><\/div>\n\n<div class=\"gb-container gb-container-f6158223 alignfull\">\n<div class=\"gb-container gb-container-136450a9\">\n\n<h2 class=\"gb-headline gb-headline-2b607dee gb-headline-text gb-headline-crida-accio-titol\">Para estar al d\u00eda<\/h2>\n\n\n\n<p class=\"gb-headline gb-headline-a2634cce gb-headline-text gb-headline-crida-accio-description\">\u00a1S\u00edguenos en las redes y consulta nuestra secci\u00f3n de novedades!<\/p>\n\n\n<div class=\"gb-button-wrapper gb-button-wrapper-22937726 gb-button-wrapper-crida-accio-butons\">\n\n<a class=\"gb-button gb-button-9728cae7 gb-button-text gb-button-crida-accio-buto\" href=\"https:\/\/www.pinterest.es\/fincasagnunez\/\" target=\"_blank\" rel=\"noopener noreferrer\">Pinterest<\/a>\n\n\n\n<a class=\"gb-button gb-button-df04268b gb-button-text gb-button-crida-accio-buto\" href=\"https:\/\/agenapisos.com\/es\/noticias\/\">Noticias<\/a>\n\n<\/div>\n<\/div>\n<\/div>","protected":false},"excerpt":{"rendered":"<p>En AG. N\u00fa\u00f1ez, nos destacamos por nuestra profunda experiencia y dedicaci\u00f3n en el \u00e1mbito del derecho inmobiliario. Nuestro equipo se<\/p>\n","protected":false},"author":1,"featured_media":14235,"parent":0,"menu_order":0,"comment_status":"closed","ping_status":"closed","template":"","meta":{"_acf_changed":false,"footnotes":""},"class_list":{"0":"post-19233","1":"page","2":"type-page","3":"status-publish","4":"has-post-thumbnail","6":"infinite-scroll-item","7":"no-featured-image-padding"},"acf":[],"_links":{"self":[{"href":"https:\/\/agenapisos.com\/es\/wp-json\/wp\/v2\/pages\/19233","targetHints":{"allow":["GET"]}}],"collection":[{"href":"https:\/\/agenapisos.com\/es\/wp-json\/wp\/v2\/pages"}],"about":[{"href":"https:\/\/agenapisos.com\/es\/wp-json\/wp\/v2\/types\/page"}],"author":[{"embeddable":true,"href":"https:\/\/agenapisos.com\/es\/wp-json\/wp\/v2\/users\/1"}],"replies":[{"embeddable":true,"href":"https:\/\/agenapisos.com\/es\/wp-json\/wp\/v2\/comments?post=19233"}],"version-history":[{"count":5,"href":"https:\/\/agenapisos.com\/es\/wp-json\/wp\/v2\/pages\/19233\/revisions"}],"predecessor-version":[{"id":19506,"href":"https:\/\/agenapisos.com\/es\/wp-json\/wp\/v2\/pages\/19233\/revisions\/19506"}],"wp:featuredmedia":[{"embeddable":true,"href":"https:\/\/agenapisos.com\/es\/wp-json\/wp\/v2\/media\/14235"}],"wp:attachment":[{"href":"https:\/\/agenapisos.com\/es\/wp-json\/wp\/v2\/media?parent=19233"}],"curies":[{"name":"wp","href":"https:\/\/api.w.org\/{rel}","templated":true}]}}