{"id":6374,"date":"2020-12-14T13:31:17","date_gmt":"2020-12-14T12:31:17","guid":{"rendered":"https:\/\/agenapisos.com\/avis-legal\/"},"modified":"2023-04-21T14:55:06","modified_gmt":"2023-04-21T12:55:06","slug":"aviso-legal","status":"publish","type":"page","link":"https:\/\/agenapisos.com\/es\/aviso-legal\/","title":{"rendered":"Aviso legal"},"content":{"rendered":"\n<div style=\"height:60px\" aria-hidden=\"true\" class=\"wp-block-spacer\"><\/div>\n\n\n<div class=\"gb-container gb-container-cf982997\"><div class=\"gb-inside-container\">\n\n<p>La mercantil&nbsp;<strong>FINCAS A.G.NU\u00d1EZ, SL<\/strong>; tiene su domicilio comercial en la calle Mallorca, 615 Bjos &#8211; 08026 BARCELONA con CIF n\u00famero B60465804. Pueden contactar con nosotros tel\u00e9fono +34 93 340 17 18 correo electr\u00f3nico;&nbsp;<strong><a href=\"mailto:fincasagn@gmail.com\">fincasagn@gmail.com<\/a><\/strong><\/p>\n\n\n\n<p><strong>CONDICIONES USUARIOS<\/strong><br>La web&nbsp;<strong><a href=\"http:\/\/www.agenapisos.com\/\">www.agenapisos.com<\/a><\/strong>, propiedad de Fincas A.G.Nu\u00f1ez, sl; ha sido dise\u00f1ada para dar a conocer a los Usuarios en general tanto la empresa como sus actividades y servicios. Entendiendo como Usuario a toda persona que acceda o navegue por nuestra p\u00e1gina web.<\/p>\n\n\n\n<p><strong>ACCESO<\/strong><br>Con car\u00e1cter general, los Usuarios podr\u00e1n acceder a&nbsp;<strong><a href=\"http:\/\/www.agenapisos.com\/\">www.agenapisos.com<\/a><\/strong>; de forma libre y gratuita. Fincas A.G.NU\u00d1EZ,; podr\u00e1 modificar la web agenapisos.com; de forma unilateral y sin previo aviso, la prestaci\u00f3n, configuraci\u00f3n, contenido de la p\u00e1gina, las condiciones de uso de la misma y el acceso a los servicios prestados.<\/p>\n\n\n\n<p><strong>COPYRIGHT<\/strong><br>Los Derechos de Propiedad intelectual de esta web son titularidad de Fincas A.G.NU\u00d1EZ, por ello, podemos alterar en cualquier momento y sin previo aviso sus contenidos (dise\u00f1o gr\u00e1fico, precios, textos y c\u00f3digos). La prestaci\u00f3n de los servicios y la publicaci\u00f3n de los contenidos de la web no implicar\u00e1n en ning\u00fan momento la renuncia o transmisi\u00f3n, total o parcial, de los derechos de propiedad intelectual e industrial. Por ello, cualquier reproducci\u00f3n, distribuci\u00f3n, comercializaci\u00f3n o transformaci\u00f3n de los contenidos de la p\u00e1gina web que no haya sido expresamente autorizado por sus titulares constituye una infracci\u00f3n de los derechos de propiedad intelectual e industrial protegidos por el art\u00edculo 270 y siguientes del C\u00f3digo Penal.<\/p>\n\n\n\n<p><strong>LEY APLICABLE Y JURISDICCION<\/strong><br>Para toda cuesti\u00f3n litigiosa que incumba a&nbsp;<strong><a href=\"http:\/\/www.agenapisos.com\/\">www.agenapisos.com\/<\/a><\/strong>, ser\u00e1 de aplicaci\u00f3n la legislaci\u00f3n espa\u00f1ola. Las presentes Condiciones de Uso se regir\u00e1n por lo dispuesto en la legislaci\u00f3n espa\u00f1ola. En caso de que se produzca cualquier discrepancia o controversia con motivo de la interpretaci\u00f3n o aplicaci\u00f3n de las presentes Condiciones de uso, Fincas A.G.NU\u00d1EZ, y el Usuario, con renuncia expresa a cualquier otro fuero que pudiera corresponderles, se someten a la jurisdicci\u00f3n de los Juzgados y Tribunales de Barcelona.<\/p>\n\n\n\n<p><strong>PRIVACIDAD DE DATOS<\/strong><br><strong>Informaci\u00f3n adicional detallada sobre el tratamiento de sus datos<\/strong><br>Su privacidad y seguridad son importantes para nosotros. A continuaci\u00f3n las explicaciones de los datos personales recopilados de nuestros usuarios y c\u00f3mo los utilizamos. Es necesario advertir que esta Pol\u00edtica de Privacidad puede variar en funci\u00f3n de exigencias legislativas o de autorregulaci\u00f3n, por lo que se aconseja a los usuarios que visiten peri\u00f3dicamente.<\/p>\n\n\n\n<p><strong>\u00bfQui\u00e9n es el responsable del tratamiento de sus datos?<\/strong><br>La empresa Fincas A.G. N\u00fa\u00f1ez con CIF 860465804 con direcci\u00f3n en C\/ Mallorca 615 local 3 CP08026 Barcelona. La informaci\u00f3n de los datos de car\u00e1cter personal que nos proporcion\u00f3 fueron recogidos conforme al Reglamento 2016\/679 del Parlamento Europeo y al Consejo de 27 de abril de 2016.<br>Para el tratamiento de datos de nuestros usuarios implementamos todas las medidas t\u00e9cnicas y organizativas de seguridad establecidas en la legislaci\u00f3n vigente.<\/p>\n\n\n\n<p><strong>\u00bfCon qu\u00e9 finalidades trataremos sus datos?<\/strong><br>Los datos personales son tratados con \ufb01nes de gesti\u00f3n todos los aspectos de la relaci\u00f3n mercantil \/ contractual entre las partes. La base jur\u00eddica para los nombres de los datos es la ejecuci\u00f3n del contrato o la relaci\u00f3n existente entre las partes.<br>Asimismo. sus datos pueden ser tratados con fines espec\u00ed\ufb01cos, por correo electr\u00f3nico, informaci\u00f3n sobre los productos y l o servicios prestados.<br>La base juridica de dicho tratamiento es el inter\u00e9s leg\u00edtimo de mantener informados sobre sus clientes sobre sus productos y servicios.<\/p>\n\n\n\n<p><strong>\u00bfDurante cu\u00e1nto tiempo conservaremos sus datos?<\/strong><br>Sus datos ser\u00e1n conservados durante el per\u00edodo de vigencia dela relaci\u00f3n entre las partes, una vez \ufb01nalizada, conservada, debidamente bloqueados, durante todo el tiempo en que resulte necesaria su conservaci\u00f3n para atender a los clientes legales aplicables. Dicho plazo de conservaci\u00f3n se determina en base a la legislaci\u00f3n aplicable en cada momento.<\/p>\n\n\n\n<p><strong>\u00bfCu\u00e1l es la legitimaci\u00f3n para el tratamiento de sus datos?<\/strong><br>La base legal para el tratamiento de sus datos y las cesiones es la existencia de la relaci\u00f3n mercantil, as\u00ed como el cumplimiento de las posibles obligaciones jur\u00eddicas derivadas de la misma.<\/p>\n\n\n\n<p><strong>\u00bfCon qui\u00e9n compartiremos sus datos?<\/strong><br>Sus datos pueden ser comunicados a terceros cuando sea necesario para el correcto desarrollo y control de la relaci\u00f3n entre las partes (por ejemplo, a entidades bancarias) o cuando una ley as\u00ed lo requiera (por ejemplo. a la administraci\u00f3n tributaria).<br>Sus datos tambi\u00e9n pueden ser comunicados a las empresas del grupo con sede en el Espacio Econ\u00f3mico Europeo).<\/p>\n\n\n\n<p><strong>\u00bfComo protegemos sus datos?<\/strong><br>Hemos definido pol\u00edticas de seguridad y procedimientos para garantizar la confidencia lidad de tus datos.<br>Podemos contratarnos terceros que puedan acceder y \/ o manejar datos personales, pero, en todo caso, se requiere que los terceros cumplan con la legislaci\u00f3n vigente y con nuestras pol\u00edticas de seguridad, debiendo asegurar el uso de la informaci\u00f3n conforme a las instrucciones que les da\u00f1an y desean implantar las medidas t\u00e9cnicas y organizativas para garantizar la confidencialidad de la informaci\u00f3n.<\/p>\n\n\n\n<p><strong>\u00bfCu\u00e1les son sus derechos en materia de protecci\u00f3n de datos?<\/strong><br>Dado al reglamento 2016\/679 del Parlamento Europeo y del Consejo de 27 de abril de 2016. Usted tiene los derechos de acceso, rectificacion, supresi\u00f3n, oposici\u00f3n, limitaci\u00f3n, portabilidad y derecho a presentar una reclamaci\u00f3n ante las Autoridades de Control. Los que pueden ejercer a trav\u00e9s del correo postal a la direcci\u00f3n c\/ Mallorca 615 local 3 CP08026 Barcelona o por correo electr\u00f3nico a fincasagn\u00a9gmail.com A trav\u00e9s de una solicitud escrita y firmada en fa que se aceptan los siguientes datos: Nombre y apellidos, domicilio a efectos de notificaciones, junto con prueba v\u00e1lida en derecho, como fotocopia del D.N.I. o equivalente, y la petici\u00f3n en que se concreta la solicitud.<\/p>\n\n<\/div><\/div>","protected":false},"excerpt":{"rendered":"<p>La mercantil&nbsp;FINCAS A.G.NU\u00d1EZ, SL; tiene su domicilio comercial en la calle Mallorca, 615 Bjos &#8211; 08026 BARCELONA con CIF n\u00famero<\/p>\n","protected":false},"author":1,"featured_media":0,"parent":0,"menu_order":0,"comment_status":"closed","ping_status":"closed","template":"","meta":{"_acf_changed":false,"footnotes":""},"class_list":{"0":"post-6374","1":"page","2":"type-page","3":"status-publish","5":"infinite-scroll-item","6":"no-featured-image-padding"},"acf":[],"_links":{"self":[{"href":"https:\/\/agenapisos.com\/es\/wp-json\/wp\/v2\/pages\/6374","targetHints":{"allow":["GET"]}}],"collection":[{"href":"https:\/\/agenapisos.com\/es\/wp-json\/wp\/v2\/pages"}],"about":[{"href":"https:\/\/agenapisos.com\/es\/wp-json\/wp\/v2\/types\/page"}],"author":[{"embeddable":true,"href":"https:\/\/agenapisos.com\/es\/wp-json\/wp\/v2\/users\/1"}],"replies":[{"embeddable":true,"href":"https:\/\/agenapisos.com\/es\/wp-json\/wp\/v2\/comments?post=6374"}],"version-history":[{"count":0,"href":"https:\/\/agenapisos.com\/es\/wp-json\/wp\/v2\/pages\/6374\/revisions"}],"wp:attachment":[{"href":"https:\/\/agenapisos.com\/es\/wp-json\/wp\/v2\/media?parent=6374"}],"curies":[{"name":"wp","href":"https:\/\/api.w.org\/{rel}","templated":true}]}}